{"id":34051,"date":"2018-02-16T11:45:03","date_gmt":"2018-02-16T16:45:03","guid":{"rendered":"https:\/\/vwp.ca\/contact\/"},"modified":"2023-01-02T13:07:11","modified_gmt":"2023-01-02T18:07:11","slug":"contact","status":"publish","type":"page","link":"https:\/\/vwp.ca\/fr\/contact\/","title":{"rendered":"Nous joindre et localisation"},"content":{"rendered":"\n\n\t\t\t\t<img decoding=\"async\" src=\"https:\/\/vwp.ca\/wp-content\/uploads\/2020\/10\/Landscape-Logo-800x167.png\" alt=\"Landscape Logo\" itemprop=\"image\" height=\"167\" width=\"800\" title=\"Landscape Logo\" onerror=\"this.style.display='none'\"  \/>\n\n<h2>\n\t\t\u00c9crivez-nous!\n\t<\/h2>\n                <form method='post' enctype='multipart\/form-data'  id='gform_3'  action='\/fr\/?page_id=34051&#038;fl_builder#gf_3' novalidate>\n                        <ul id='gform_fields_3' class='gform_fields top_label form_sublabel_below description_above'><li id=\"field_3_1\"   data-js-reload=\"field_3_1\"><label class='gfield_label gfield_label_before_complex'>Name*<\/label>\n                                                    <input type='text' name='input_1.3' id='input_3_1_3' value=''   aria-required='true'   placeholder='Pr\u00e9nom *'  \/>\n                                                    <label for='input_3_1_3'>Pr\u00e9nom<\/label>\n                                                    <input type='text' name='input_1.6' id='input_3_1_6' value=''   aria-required='true'   placeholder='Nom *'  \/>\n                                                    <label for='input_3_1_6'>Nom<\/label>\n                        <\/li><li id=\"field_3_2\"   data-js-reload=\"field_3_2\"><label class='gfield_label' for='input_3_2'>Email*<\/label>\n                            <input name='input_2' id='input_3_2' type='email' value='' class='medium'   placeholder='Courriel *' aria-required=\"true\" aria-invalid=\"false\"  \/>\n                        <\/li><li id=\"field_3_6\"   data-js-reload=\"field_3_6\"><label class='gfield_label' for='input_3_6'>Phone Number<\/label><input name='input_6' id='input_3_6' type='tel' value='' class='medium'  placeholder='T\u00e9l\u00e9phone'  aria-invalid=\"false\"   \/><\/li><li id=\"field_3_3\"   data-js-reload=\"field_3_3\"><label class='gfield_label' for='input_3_3'>Votre message*<\/label><textarea name='input_3' id='input_3_3' class='textarea medium'     aria-required=\"true\" aria-invalid=\"false\"   rows='10' cols='50'><\/textarea><\/li><li id=\"field_3_5\"   data-js-reload=\"field_3_5\"><label class='gfield_label'>Abonnez-vous \u00e0 notre infolettre*<\/label><ul class='gfield_radio' id='input_3_5'>\n\t\t\t<li class='gchoice gchoice_3_5_0'>\n\t\t\t\t<input name='input_5' type='radio' value='Oui, avec plaisir!'  id='choice_3_5_0'    \/>\n\t\t\t\t<label for='choice_3_5_0' id='label_3_5_0'>Oui, avec plaisir!<\/label>\n\t\t\t<\/li>\n\t\t\t<li class='gchoice gchoice_3_5_1'>\n\t\t\t\t<input name='input_5' type='radio' value='Non merci.'  id='choice_3_5_1'    \/>\n\t\t\t\t<label for='choice_3_5_1' id='label_3_5_1'>Non merci.<\/label>\n\t\t\t<\/li><\/ul><\/li><li id=\"field_3_7\"   data-js-reload=\"field_3_7\"><label class='gfield_label' for='input_3_7'>Name<\/label>Ce champ n&rsquo;est utilis\u00e9 qu&rsquo;\u00e0 des fins de validation et devrait rester inchang\u00e9.<input name='input_7' id='input_3_7' type='text' value='' autocomplete='new-password'\/><\/li><\/ul>\n         <input type='submit' id='gform_submit_button_3' class='gform_button button' value='Envoyer'  onclick='if(window[\"gf_submitting_3\"]){return false;}  if( !jQuery(\"#gform_3\")[0].checkValidity || jQuery(\"#gform_3\")[0].checkValidity()){window[\"gf_submitting_3\"]=true;}  ' onkeypress='if( event.keyCode == 13 ){ if(window[\"gf_submitting_3\"]){return false;} if( !jQuery(\"#gform_3\")[0].checkValidity || jQuery(\"#gform_3\")[0].checkValidity()){window[\"gf_submitting_3\"]=true;}  jQuery(\"#gform_3\").trigger(\"submit\",[true]); }' \/> \n            <input type='hidden' class='gform_hidden' name='is_submit_3' value='1' \/>\n            <input type='hidden' class='gform_hidden' name='gform_submit' value='3' \/>\n            <input type='hidden' class='gform_hidden' name='gform_unique_id' value='' \/>\n            <input type='hidden' class='gform_hidden' name='state_3' value='WyJbXSIsIjlkNTUxMzc3OTdiYmNmMjE0N2IyM2U3Njg3ZDQyOWUyIl0=' \/>\n            <input type='hidden' class='gform_hidden' name='gform_target_page_number_3' id='gform_target_page_number_3' value='0' \/>\n            <input type='hidden' class='gform_hidden' name='gform_source_page_number_3' id='gform_source_page_number_3' value='1' \/>\n            <input type='hidden' name='gform_field_values' value='' \/>\n                        <p><label>&#916;<textarea name=\"ak_hp_textarea\" cols=\"45\" rows=\"8\" maxlength=\"100\"><\/textarea><\/label><input type=\"hidden\" id=\"ak_js_1\" name=\"ak_js\" value=\"90\"\/><\/p><\/form>\n<h2>\n\t\tNotre localisation\n\t<\/h2>\n\t\t\t<a href=\"https:\/\/goo.gl\/maps\/TCMvZMQX9KrfSc437\" target=\"_blank\" role=\"button\" rel=\"noopener\">\n\t\t\t\t\t\tGet Directions\n\t\t\t\t\t<\/a>\n\t<iframe src=\"https:\/\/www.google.com\/maps\/embed\/v1\/place?q=Voyageur+Wilderness%2C+Nym+Lake&#038;key=AIzaSyD09zQ9PNDNNy9TadMuzRV_UsPUoWKntt8\" aria-hidden=\"true\"><\/iframe>\n\n","protected":false},"excerpt":{"rendered":"<p>\u00c9crivez-nous! Name* Pr\u00e9nom Nom Email* Phone Number Votre message* Abonnez-vous \u00e0 notre infolettre* Oui, avec plaisir! Non merci. NameCe champ n&rsquo;est utilis\u00e9 qu&rsquo;\u00e0 des fins de validation et devrait rester inchang\u00e9. &#916; Notre localisation Get Directions<\/p>\n","protected":false},"author":7,"featured_media":33672,"parent":0,"menu_order":0,"comment_status":"closed","ping_status":"closed","template":"","meta":{"_acf_changed":false,"_seopress_robots_primary_cat":"","_seopress_titles_title":"Nous joindre et localisation","_seopress_titles_desc":"Call 1-807-597-2450. Find us at Voyageur Island, Nym lake, Atikokan, ON P0T 1C0.","_seopress_robots_index":"","_relevanssi_hide_post":"","_relevanssi_hide_content":"","_relevanssi_pin_for_all":"","_relevanssi_pin_keywords":"","_relevanssi_unpin_keywords":"","_relevanssi_related_keywords":"","_relevanssi_related_include_ids":"","_relevanssi_related_exclude_ids":"","_relevanssi_related_no_append":"","_relevanssi_related_not_related":"","_relevanssi_related_posts":"","_relevanssi_noindex_reason":"","_monsterinsights_skip_tracking":false,"_monsterinsights_sitenote_active":false,"_monsterinsights_sitenote_note":"","_monsterinsights_sitenote_category":0,"footnotes":""},"class_list":["post-34051","page","type-page","status-publish","has-post-thumbnail","hentry"],"acf":[],"_links":{"self":[{"href":"https:\/\/vwp.ca\/fr\/wp-json\/wp\/v2\/pages\/34051","targetHints":{"allow":["GET"]}}],"collection":[{"href":"https:\/\/vwp.ca\/fr\/wp-json\/wp\/v2\/pages"}],"about":[{"href":"https:\/\/vwp.ca\/fr\/wp-json\/wp\/v2\/types\/page"}],"author":[{"embeddable":true,"href":"https:\/\/vwp.ca\/fr\/wp-json\/wp\/v2\/users\/7"}],"replies":[{"embeddable":true,"href":"https:\/\/vwp.ca\/fr\/wp-json\/wp\/v2\/comments?post=34051"}],"version-history":[{"count":5,"href":"https:\/\/vwp.ca\/fr\/wp-json\/wp\/v2\/pages\/34051\/revisions"}],"predecessor-version":[{"id":34346,"href":"https:\/\/vwp.ca\/fr\/wp-json\/wp\/v2\/pages\/34051\/revisions\/34346"}],"wp:featuredmedia":[{"embeddable":true,"href":"https:\/\/vwp.ca\/fr\/wp-json\/wp\/v2\/media\/33672"}],"wp:attachment":[{"href":"https:\/\/vwp.ca\/fr\/wp-json\/wp\/v2\/media?parent=34051"}],"curies":[{"name":"wp","href":"https:\/\/api.w.org\/{rel}","templated":true}]}}