{"id":34123,"date":"2020-10-25T12:26:17","date_gmt":"2020-10-25T16:26:17","guid":{"rendered":"https:\/\/vwp.ca\/?page_id=34123"},"modified":"2025-03-13T09:31:26","modified_gmt":"2025-03-13T13:31:26","slug":"lodge-getaways","status":"publish","type":"page","link":"https:\/\/vwp.ca\/fr\/lodge-getaways\/","title":{"rendered":"Escapades en lodge"},"content":{"rendered":"\n<h1>\n\t\t\u00c9vadez-vous dans la nature et l&rsquo;arri\u00e8re-pays canadiens\n\t<\/h1>\n\t<p>Plongez au coeur de la culture du canot de Quetico dans le confort de l&rsquo;auberge Voyageur Island Lodge. Profitez d&rsquo;un confort rustique, d&rsquo;une hospitalit\u00e9 chaleureuse, de repas savoureux et de la simplicit\u00e9 de la vie sur nos \u00eeles.<\/p>\n<p>Reconnectez-vous avec la Terre \u00e0 travers nos pratiques imm\u00e9moriales. Profitez de l&rsquo;interpr\u00e9tation d&rsquo;art\u00e9facts autochtones en d\u00e9gustant les traditionnels th\u00e9 et banique. Ressourcez-vous lors de marches en sentiers sur l&rsquo;\u00eele Voyageur. Admirez la beaut\u00e9 de la nature en canotant doucement au soleil couchant.<\/p>\n<p>D\u00e9tendez-vous et relaxez au coeur d&rsquo;une nature sauvage spectaculaire.<\/p>\n<h2>\n\t\tL&rsquo;escapade parfaite en lodge\n\t<\/h2>\n<h3>\n\t\tChambre en lodge\n\t<\/h3>\n\t<p>Tentez l&rsquo;exp\u00e9rience d&rsquo;une chambre dans notre lodge mariant le confort moderne au caract\u00e8re unique de l&rsquo;exp\u00e9rience Voyageur. Laissez-vous charmer par les paysages exceptionnels du lac Nym, de nos \u00eeles et du parc Quetico.<\/p>\n\t\t\t<a href=\"#form-contact\" target=\"_self\">\n\t\t\t\t\t\t\tPour plus de d\u00e9tails, contactez-nous\n\t\t\t<\/a>\n<h3>\n\t\tAdirondack\n\t<\/h3>\n\t<p>Si vous recherchez un confort plus rustique, l&rsquo;Adirondack est parfaite pour vous. Avec son espace ouvert, sa plateforme de couchage sur\u00e9lev\u00e9e et son mur-moustiquaire face au lac, l&rsquo;Adirondack est id\u00e9ale pour les groupes ou grandes familles.<\/p>\n\t\t\t<a href=\"#form-contact\" target=\"_self\">\n\t\t\t\t\t\t\tPour plus de d\u00e9tails, contactez-nous\n\t\t\t<\/a>\n<h3>\n\t\tChalet \u00eele priv\u00e9e\n\t<\/h3>\n\t<p>P&rsquo;Chi Ile ou \u00ab petite \u00eele \u00bb et son chalet, \u00e0 un jet de pierre de l&rsquo;\u00eele principale de Voyageur Wilderness, vous procure une exp\u00e9rience en nature sur le lac Nym, aux abords du parc Quetico, dans tout le confort voulu.<\/p>\n\t\t\t<a href=\"#form-contact\" target=\"_self\">\n\t\t\t\t\t\t\tPour plus de d\u00e9tails, contactez-nous\n\t\t\t<\/a>\n<h3>\n\t\t\u00c0 propos du lodge\n\t<\/h3>\n\t<p>Le lodge de Voyageur Island, d\u00e9bordant de charme rustique, est un endroit sp\u00e9cial o\u00f9 vous serez plong\u00e9 dans la beaut\u00e9 intemporelle de la nature sauvage canadienne.<\/p>\n\t\t\t<a href=\"#form-contact\" target=\"_self\">\n\t\t\t\t\t\t\tPour plus de d\u00e9tails, contactez-nous\n\t\t\t<\/a>\n<h3>\n\t\tLocation d&rsquo;h\u00e9bergement\n\t<\/h3>\n\t<p>Toutes nos aventures ont pour point de d\u00e9part le Voyageur Island Lodge, sur nos \u00eeles pr\u00e8s d&rsquo;Atikokan, Ontario, Canada. Un transfert en bateau est inclus \u00e0 partir de l&rsquo;acc\u00e8s du stationnement du lac Nym.<\/p>\n\t\t\t<a href=\"https:\/\/vwp.ca\/fr\/contact\/\" target=\"_self\">\n\t\t\t\t\t\t\tPour plus de d\u00e9tails, contactez-nous\n\t\t\t<\/a>\n\t\t\t\t<a\n\t\t\thref=\"https:\/\/vwp.ca\/wp-content\/uploads\/2020\/10\/Voyageur-Wilderness-Programme-FAMILY-045-9985-1100x825.jpg\"\n\t\t\t\t\t\tdata-fancybox=\"images\" \n\t\t\ttitle=\"ONTARIO TOURISM 2013 VOYAGEUR WILDERNESS PROGRAM SHOOT\" \n\t\t\t\t\t\tdata-caption=\"LOCATION: QUETICO PROVINCIAL PARK\"\n\t\t\t\t\t\tdata-description=\"\" \n\t\t\titemprop=\"contentUrl\">\n\t\t\t<img decoding=\"async\" src=\"https:\/\/vwp.ca\/wp-content\/uploads\/2020\/10\/Voyageur-Wilderness-Programme-FAMILY-045-9985-800x600.jpg\" alt=\"\" data-no-lazy=\"1\" itemprop=\"thumbnail\" width=\"800\" height=\"600\" \/>\n\t\t\t<!-- Overlay Wrapper -->\n\t\t\t <!-- Overlay Wrapper Closed -->\n\t\t\t\t<\/a>\n\t\t\t\t\t\t\t<meta itemprop=\"width\" content=\"800\" \/>\n\t\t\t<meta itemprop=\"height\" content=\"600\" \/>\n\t\t\t\t<a\n\t\t\thref=\"https:\/\/vwp.ca\/wp-content\/uploads\/2020\/10\/Voyageur-Wilderness-Programme-GROUNDS-024-2905-1100x825.jpg\"\n\t\t\t\t\t\tdata-fancybox=\"images\" \n\t\t\ttitle=\"ONTARIO TOURISM 2013 VOYAGEUR WILDERNESS PROGRAM SHOOT\" \n\t\t\t\t\t\tdata-caption=\"LOCATION: QUETICO PROVINCIAL PARK\"\n\t\t\t\t\t\tdata-description=\"\" \n\t\t\titemprop=\"contentUrl\">\n\t\t\t<img decoding=\"async\" src=\"https:\/\/vwp.ca\/wp-content\/uploads\/2020\/10\/Voyageur-Wilderness-Programme-GROUNDS-024-2905-800x600.jpg\" alt=\"\" data-no-lazy=\"1\" itemprop=\"thumbnail\" width=\"800\" height=\"600\" \/>\n\t\t\t<!-- Overlay Wrapper -->\n\t\t\t <!-- Overlay Wrapper Closed -->\n\t\t\t\t<\/a>\n\t\t\t\t\t\t\t<meta itemprop=\"width\" content=\"800\" \/>\n\t\t\t<meta itemprop=\"height\" content=\"600\" \/>\n\t\t\t\t<a\n\t\t\thref=\"https:\/\/vwp.ca\/wp-content\/uploads\/2020\/10\/Voyageur-Wilderness-Programme-FAMILY-032-0523-1100x825.jpg\"\n\t\t\t\t\t\tdata-fancybox=\"images\" \n\t\t\ttitle=\"ONTARIO TOURISM 2013 VOYAGEUR WILDERNESS PROGRAM SHOOT\" \n\t\t\t\t\t\tdata-caption=\"LOCATION: QUETICO PROVINCIAL PARK\"\n\t\t\t\t\t\tdata-description=\"\" \n\t\t\titemprop=\"contentUrl\">\n\t\t\t<img decoding=\"async\" src=\"https:\/\/vwp.ca\/wp-content\/uploads\/2020\/10\/Voyageur-Wilderness-Programme-FAMILY-032-0523-800x600.jpg\" alt=\"\" data-no-lazy=\"1\" itemprop=\"thumbnail\" width=\"800\" height=\"600\" \/>\n\t\t\t<!-- Overlay Wrapper -->\n\t\t\t <!-- Overlay Wrapper Closed -->\n\t\t\t\t<\/a>\n\t\t\t\t\t\t\t<meta itemprop=\"width\" content=\"800\" \/>\n\t\t\t<meta itemprop=\"height\" content=\"600\" \/>\n\t\t\t\t<a\n\t\t\thref=\"https:\/\/vwp.ca\/wp-content\/uploads\/2020\/10\/Voyageur-Wilderness-Programme-GROUNDS-020-0184-1100x825.jpg\"\n\t\t\t\t\t\tdata-fancybox=\"images\" \n\t\t\ttitle=\"ONTARIO TOURISM 2013 VOYAGEUR WILDERNESS PROGRAM SHOOT\" \n\t\t\t\t\t\tdata-caption=\"LOCATION: QUETICO PROVINCIAL PARK\"\n\t\t\t\t\t\tdata-description=\"\" \n\t\t\titemprop=\"contentUrl\">\n\t\t\t<img decoding=\"async\" src=\"https:\/\/vwp.ca\/wp-content\/uploads\/2020\/10\/Voyageur-Wilderness-Programme-GROUNDS-020-0184-800x600.jpg\" alt=\"\" data-no-lazy=\"1\" itemprop=\"thumbnail\" width=\"800\" height=\"600\" \/>\n\t\t\t<!-- Overlay Wrapper -->\n\t\t\t <!-- Overlay Wrapper Closed -->\n\t\t\t\t<\/a>\n\t\t\t\t\t\t\t<meta itemprop=\"width\" content=\"800\" \/>\n\t\t\t<meta itemprop=\"height\" content=\"600\" \/>\n\t\t\t\t<img decoding=\"async\" src=\"https:\/\/vwp.ca\/wp-content\/uploads\/2020\/10\/Graphic_Canoe_White.png\" alt=\"Graphic Canoe White\" itemprop=\"image\" height=\"340\" width=\"926\" title=\"Graphic Canoe White\" onerror=\"this.style.display='none'\"  \/>\n<h2>\n\t\tInformation et r\u00e9servation<br \/>\n\t<\/h2>\n\t\t\t<a href=\"tel:+18075972450\" target=\"_self\">\n\t\t\t\t\t\t+1-807-597-2450\n\t\t\t\t\t<\/a>\n                <form method='post' enctype='multipart\/form-data'  id='gform_2'  action='\/fr\/?page_id=34123&#038;fl_builder#gf_2' data-formid='2' novalidate>\n                        <ul id='gform_fields_2' class='gform_fields top_label form_sublabel_below description_above validation_below'><li id=\"field_2_1\"  data-js-reload=\"field_2_1\"><label class='gfield_label gform-field-label gfield_label_before_complex'>Name*<\/label>\n                                                    <input type='text' name='input_1.3' id='input_2_1_3' value='' tabindex='101'  aria-required='true'   placeholder='Pr\u00e9nom *'  \/>\n                                                    <label for='input_2_1_3' class='gform-field-label gform-field-label--type-sub '>Pr\u00e9nom<\/label>\n                                                    <input type='text' name='input_1.6' id='input_2_1_6' value='' tabindex='103'  aria-required='true'   placeholder='Nom *'  \/>\n                                                    <label for='input_2_1_6' class='gform-field-label gform-field-label--type-sub '>Nom<\/label>\n                        <\/li><li id=\"field_2_2\"  data-js-reload=\"field_2_2\"><label class='gfield_label gform-field-label' for='input_2_2'>E-mail*<\/label>\n                            <input name='input_2' id='input_2_2' type='email' value='' class='medium' tabindex='105'  placeholder='Courriel *' aria-required=\"true\" aria-invalid=\"false\"  \/>\n                        <\/li><li id=\"field_2_4\"  data-js-reload=\"field_2_4\"><label class='gfield_label gform-field-label' for='input_2_4'>Phone Number*<\/label><input name='input_4' id='input_2_4' type='text' value='' class='medium'   tabindex='106' placeholder='T\u00e9l\u00e9phone *' aria-required=\"true\" aria-invalid=\"false\"   \/><\/li><li id=\"field_2_9\"  data-js-reload=\"field_2_9\"><label class='gfield_label gform-field-label' for='input_2_9'>Arrival Date<\/label>\n                            <input name='input_9' id='input_2_9' type='text' value='' class='datepicker gform-datepicker mdy datepicker_no_icon gdatepicker-no-icon' tabindex='107'  placeholder='Date d'arriv\u00e9e' aria-describedby=\"input_2_9_date_format\" aria-invalid=\"false\" \/>\n                            MM slash JJ slash AAAA\n                        <input type='hidden' id='gforms_calendar_icon_input_2_9' class='gform_hidden' value='https:\/\/vwp.ca\/wp-content\/plugins\/gravityforms\/images\/datepicker\/datepicker.svg'\/><\/li><li id=\"field_2_12\"  data-js-reload=\"field_2_12\"><label class='gfield_label gform-field-label' for='input_2_12'>Departure Date<\/label>\n                            <input name='input_12' id='input_2_12' type='text' value='' class='datepicker gform-datepicker mdy datepicker_no_icon gdatepicker-no-icon' tabindex='108'  placeholder='Date de d\u00e9part' aria-describedby=\"input_2_12_date_format\" aria-invalid=\"false\" \/>\n                            MM slash JJ slash AAAA\n                        <input type='hidden' id='gforms_calendar_icon_input_2_12' class='gform_hidden' value='https:\/\/vwp.ca\/wp-content\/plugins\/gravityforms\/images\/datepicker\/datepicker.svg'\/><\/li><li id=\"field_2_10\"  data-js-reload=\"field_2_10\"><label class='gfield_label gform-field-label' for='input_2_10'>Number of Adults<\/label><input name='input_10' id='input_2_10' type='text' value='' class='medium'   tabindex='109' placeholder='Nombre d'adultes'  aria-invalid=\"false\"   \/><\/li><li id=\"field_2_13\"  data-js-reload=\"field_2_13\"><label class='gfield_label gform-field-label' for='input_2_13'>Number of Children<\/label><input name='input_13' id='input_2_13' type='text' value='' class='medium'   tabindex='110' placeholder='Nombre d'enfants'  aria-invalid=\"false\"   \/><\/li><li id=\"field_2_15\"  data-js-reload=\"field_2_15\"><label class='gfield_label gform-field-label'>J&#039;aimerais \u00eatre contact\u00e9 par*<\/label><ul class='gfield_radio' id='input_2_15'>\n\t\t\t<li class='gchoice gchoice_2_15_0'>\n\t\t\t\t<input name='input_15' type='radio' value='T\u00e9l\u00e9phone'  id='choice_2_15_0' tabindex='111'   \/>\n\t\t\t\t<label for='choice_2_15_0' id='label_2_15_0' class='gform-field-label gform-field-label--type-inline'>T\u00e9l\u00e9phone<\/label>\n\t\t\t<\/li>\n\t\t\t<li class='gchoice gchoice_2_15_1'>\n\t\t\t\t<input name='input_15' type='radio' value='Courriel'  id='choice_2_15_1' tabindex='112'   \/>\n\t\t\t\t<label for='choice_2_15_1' id='label_2_15_1' class='gform-field-label gform-field-label--type-inline'>Courriel<\/label>\n\t\t\t<\/li><\/ul><\/li><li id=\"field_2_14\"  data-js-reload=\"field_2_14\"><label class='gfield_label gform-field-label gfield_label_before_complex'>Demandes suppl\u00e9mentaires<\/label><ul class='gfield_checkbox' id='input_2_14'><li class='gchoice gchoice_2_14_1'>\n\t\t\t\t\t\t\t\t<input class='gfield-choice-input' name='input_14.1' type='checkbox'  value='Oui, j'aurai besoin de canots et de mat\u00e9riel'  id='choice_2_14_1' tabindex='113'  \/>\n\t\t\t\t\t\t\t\t<label for='choice_2_14_1' id='label_2_14_1' class='gform-field-label gform-field-label--type-inline'>Oui, j&rsquo;aurai besoin de canots et de mat\u00e9riel<\/label>\n\t\t\t\t\t\t\t<\/li><\/ul><\/li><li id=\"field_2_3\"  data-js-reload=\"field_2_3\"><label class='gfield_label gform-field-label' for='input_2_3'>Votre message*<\/label><textarea name='input_3' id='input_2_3' class='textarea medium' tabindex='114'   placeholder='Questions \/ commentaires' aria-required=\"true\" aria-invalid=\"false\"   rows='10' cols='50'><\/textarea><\/li><li id=\"field_2_11\"  data-js-reload=\"field_2_11\"><label class='gfield_label gform-field-label'>Abonnez-vous afin de recevoir nos offres et mises \u00e0 jour*<\/label><ul class='gfield_radio' id='input_2_11'>\n\t\t\t<li class='gchoice gchoice_2_11_0'>\n\t\t\t\t<input name='input_11' type='radio' value='Oui, avec plaisir!'  id='choice_2_11_0' tabindex='115'   \/>\n\t\t\t\t<label for='choice_2_11_0' id='label_2_11_0' class='gform-field-label gform-field-label--type-inline'>Oui, avec plaisir!<\/label>\n\t\t\t<\/li>\n\t\t\t<li class='gchoice gchoice_2_11_1'>\n\t\t\t\t<input name='input_11' type='radio' value='Non merci.'  id='choice_2_11_1' tabindex='116'   \/>\n\t\t\t\t<label for='choice_2_11_1' id='label_2_11_1' class='gform-field-label gform-field-label--type-inline'>Non merci.<\/label>\n\t\t\t<\/li><\/ul><\/li><li id=\"field_2_16\"  data-js-reload=\"field_2_16\"><label class='gfield_label gform-field-label' for='input_2_16'>Comments<\/label>Ce champ n&rsquo;est utilis\u00e9 qu&rsquo;\u00e0 des fins de validation et devrait rester inchang\u00e9.<input name='input_16' id='input_2_16' type='text' value='' autocomplete='new-password'\/><\/li><\/ul>\n         <input type='submit' id='gform_submit_button_2' class='gform_button button' onclick='gform.submission.handleButtonClick(this);' value='Envoi' tabindex='117' \/> \n            <input type='hidden' class='gform_hidden' name='gform_submission_method' data-js='gform_submission_method_2' value='postback' \/>\n            <input type='hidden' class='gform_hidden' name='gform_theme' data-js='gform_theme_2' id='gform_theme_2' value='legacy' \/>\n            <input type='hidden' class='gform_hidden' name='gform_style_settings' data-js='gform_style_settings_2' id='gform_style_settings_2' value='[]' \/>\n            <input type='hidden' class='gform_hidden' name='is_submit_2' value='1' \/>\n            <input type='hidden' class='gform_hidden' name='gform_submit' value='2' \/>\n            <input type='hidden' class='gform_hidden' name='gform_unique_id' value='' \/>\n            <input type='hidden' class='gform_hidden' name='state_2' value='WyJbXSIsImMwNjIzMjAzNGE4ZWUzZTJjOTFhZDIyOWUxYmI3YzYwIl0=' \/>\n            <input type='hidden' autocomplete='off' class='gform_hidden' name='gform_target_page_number_2' id='gform_target_page_number_2' value='0' \/>\n            <input type='hidden' autocomplete='off' class='gform_hidden' name='gform_source_page_number_2' id='gform_source_page_number_2' value='1' \/>\n            <input type='hidden' name='gform_field_values' value='' \/>\n                        <label>&#916;<textarea name=\"ak_hp_textarea\" cols=\"45\" rows=\"8\" maxlength=\"100\"><\/textarea><\/label><input type=\"hidden\" id=\"ak_js_1\" name=\"ak_js\" value=\"124\"\/><\/form>\n\t\t\t\t<img decoding=\"async\" src=\"https:\/\/vwp.ca\/wp-content\/uploads\/2020\/12\/Voyageur-Wilderness-Programme-Metis-blue-symbol.jpg\" alt=\"Voyageur Wilderness Programme Metis Blue Symbol\" itemprop=\"image\" height=\"274\" width=\"800\" title=\"Voyageur Wilderness Programme Metis Blue Symbol\" onerror=\"this.style.display='none'\"  \/>\n\t\t\t\t<img decoding=\"async\" src=\"https:\/\/vwp.ca\/wp-content\/uploads\/2020\/12\/Voyageur-Wilderness-Programme-WTTC-TIAO-SafeTravels-2.jpg\" alt=\"Voyageur Wilderness Programme WTTC TIAO SafeTravels 2\" itemprop=\"image\" height=\"686\" width=\"800\" title=\"Voyageur Wilderness Programme WTTC TIAO SafeTravels 2\" onerror=\"this.style.display='none'\"  \/>\n\t\t\t\t<img decoding=\"async\" src=\"https:\/\/vwp.ca\/wp-content\/uploads\/2021\/01\/IEO-Logo-Black.png\" alt=\"IEO Logo Black\" itemprop=\"image\" height=\"117\" width=\"278\" title=\"IEO Logo Black\" onerror=\"this.style.display='none'\"  \/>\n\t\t\t\t<img decoding=\"async\" src=\"https:\/\/vwp.ca\/wp-content\/uploads\/2021\/02\/logo-welcome-bonjour-colour-cmyk.png\" alt=\"Logo Welcome Bonjour Colour Cmyk\" itemprop=\"image\" height=\"870\" width=\"1500\" title=\"Logo Welcome Bonjour Colour Cmyk\" onerror=\"this.style.display='none'\"  \/>\n\n","protected":false},"excerpt":{"rendered":"<p>\u00c9vadez-vous dans la nature et l&rsquo;arri\u00e8re-pays canadiens Plongez au coeur de la culture du canot de Quetico dans le confort de l&rsquo;auberge Voyageur Island Lodge. Profitez d&rsquo;un confort rustique, d&rsquo;une hospitalit\u00e9 chaleureuse, de repas savoureux et de la simplicit\u00e9 de la vie sur nos \u00eeles. Reconnectez-vous avec la Terre \u00e0 travers nos pratiques imm\u00e9moriales. Profitez&hellip;<\/p>\n","protected":false},"author":7,"featured_media":33697,"parent":0,"menu_order":0,"comment_status":"closed","ping_status":"closed","template":"","meta":{"_acf_changed":false,"_seopress_robots_primary_cat":"","_seopress_titles_title":"Perfect Lodge Getaways in Quetico Provincial Park, Ontario","_seopress_titles_desc":"Stay in rustic comfort, enjoy warm hospitality, delicious meals and the simplicity of island life with Voyageur Wilderness in Northwest Ontario.","_seopress_robots_index":"","_relevanssi_hide_post":"","_relevanssi_hide_content":"","_relevanssi_pin_for_all":"","_relevanssi_pin_keywords":"","_relevanssi_unpin_keywords":"","_relevanssi_related_keywords":"","_relevanssi_related_include_ids":"","_relevanssi_related_exclude_ids":"","_relevanssi_related_no_append":"","_relevanssi_related_not_related":"","_relevanssi_related_posts":"","_relevanssi_noindex_reason":"","_monsterinsights_skip_tracking":false,"_monsterinsights_sitenote_active":false,"_monsterinsights_sitenote_note":"","_monsterinsights_sitenote_category":0,"footnotes":""},"class_list":["post-34123","page","type-page","status-publish","has-post-thumbnail","hentry"],"acf":[],"_links":{"self":[{"href":"https:\/\/vwp.ca\/fr\/wp-json\/wp\/v2\/pages\/34123","targetHints":{"allow":["GET"]}}],"collection":[{"href":"https:\/\/vwp.ca\/fr\/wp-json\/wp\/v2\/pages"}],"about":[{"href":"https:\/\/vwp.ca\/fr\/wp-json\/wp\/v2\/types\/page"}],"author":[{"embeddable":true,"href":"https:\/\/vwp.ca\/fr\/wp-json\/wp\/v2\/users\/7"}],"replies":[{"embeddable":true,"href":"https:\/\/vwp.ca\/fr\/wp-json\/wp\/v2\/comments?post=34123"}],"version-history":[{"count":5,"href":"https:\/\/vwp.ca\/fr\/wp-json\/wp\/v2\/pages\/34123\/revisions"}],"predecessor-version":[{"id":35508,"href":"https:\/\/vwp.ca\/fr\/wp-json\/wp\/v2\/pages\/34123\/revisions\/35508"}],"wp:featuredmedia":[{"embeddable":true,"href":"https:\/\/vwp.ca\/fr\/wp-json\/wp\/v2\/media\/33697"}],"wp:attachment":[{"href":"https:\/\/vwp.ca\/fr\/wp-json\/wp\/v2\/media?parent=34123"}],"curies":[{"name":"wp","href":"https:\/\/api.w.org\/{rel}","templated":true}]}}