{"id":34133,"date":"2021-02-18T05:23:48","date_gmt":"2021-02-18T10:23:48","guid":{"rendered":"https:\/\/vwp.ca\/outfitting-fr\/"},"modified":"2025-03-11T10:23:34","modified_gmt":"2025-03-11T14:23:34","slug":"outfitting","status":"publish","type":"page","link":"https:\/\/vwp.ca\/fr\/outfitting\/","title":{"rendered":"Location d\u2019\u00e9quipement"},"content":{"rendered":"\n<h1>\n\t\tLocation de canot et d&rsquo;\u00e9quipement<br \/>Arri\u00e8re-pays de Quetico\n\t<\/h1>\n\t<p>Depuis plus de 65 ans, Voyageur Wilderness offre des services de location partielle ou compl\u00e8te d&rsquo;\u00e9quipement, de m\u00eame que d&rsquo;authentiques aventures, \u00e0 partir du Voyageur Island lodge situ\u00e9 sur le lac Nym.<\/p>\n<p>Toutes nos aventures dans l&rsquo;arri\u00e8re-pays d\u00e9butent et se terminent dans le confort rustique du Voyageur Island Lodge. Apprenez quelles sont les meilleures pratiques de canot et camping en arri\u00e8re-pays et laissez-nous vous procurer le mat\u00e9riel, l&rsquo;\u00e9quipement et les repas dont vous aurez besoin pour une aventure responsable, s\u00e9curitaire et inoubliable.<\/p>\n<p>&nbsp;<\/p>\n<h2>\n\t\tDe l&rsquo;\u00e9quipement sp\u00e9cifique \u00e0 vos besoins\n\t<\/h2>\n<h3>\n\t\tLe forfait \u00e9quipement complet Voyageur\n\t<\/h3>\n\t<p>Par ici votre exp\u00e9dition de canot unique et personnalis\u00e9e, avec tout l&rsquo;\u00e9quipement dont vous aurez besoin pour explorer lacs, rivi\u00e8res et portages sur les traces des Voyageurs.<\/p>\n\t\t\t<a href=\"#form-contact\" target=\"_self\">\n\t\t\t\t\t\t\tContactez-nous pour plus de d\u00e9tails\n\t\t\t<\/a>\n<h3>\n\t\tLe forfait \u00e9quipement complet Nor&rsquo;Wester\n\t<\/h3>\n\t<p>D\u00e9couvrez la faune et la flore sauvages, explorez les sentiers de portage, pagayez les traditionnelles Routes du Nord, le tout avec un \u00e9quipement moderne complet. L&rsquo;\u00e9co-voyage simplifi\u00e9!<\/p>\n\t\t\t<a href=\"#form-contact\" target=\"_self\">\n\t\t\t\t\t\t\tContactez-nous pour plus de d\u00e9tails\n\t\t\t<\/a>\n<h3>\n\t\tLocation d&rsquo;\u00e9quipement\n\t<\/h3>\n\t<p>Votre eco-aventure en canot simplifi\u00e9e! Super \u00e9quipement, bons prix et services complets pour une exp\u00e9rience de r\u00eave!<\/p>\n\t\t\t<a href=\"#form-contact\" target=\"_self\">\n\t\t\t\t\t\t\tContactez-nous pour plus de d\u00e9tails\n\t\t\t<\/a>\n\t\t\t<a href=\"https:\/\/vwp.ca\/fr\/pricing\/\" target=\"_self\">\n\t\t\t\t\t\t\tListe de location d&rsquo;\u00e9quipement\n\t\t\t<\/a>\n<h2>\n\t\tInformation et r\u00e9servation<br \/>\n\t<\/h2>\n\t\t\t<a href=\"tel:+18075972450\" target=\"_self\">\n\t\t\t\t\t\t+1-807-597-2450\n\t\t\t\t\t<\/a>\n                <form method='post' enctype='multipart\/form-data'  id='gform_2'  action='\/fr\/?page_id=34133&#038;fl_builder#gf_2' data-formid='2' novalidate>\n                        <ul id='gform_fields_2' class='gform_fields top_label form_sublabel_below description_above validation_below'><li id=\"field_2_1\"  data-js-reload=\"field_2_1\"><label class='gfield_label gform-field-label gfield_label_before_complex'>Name*<\/label>\n                                                    <input type='text' name='input_1.3' id='input_2_1_3' value='' tabindex='101'  aria-required='true'   placeholder='Pr\u00e9nom *'  \/>\n                                                    <label for='input_2_1_3' class='gform-field-label gform-field-label--type-sub '>Pr\u00e9nom<\/label>\n                                                    <input type='text' name='input_1.6' id='input_2_1_6' value='' tabindex='103'  aria-required='true'   placeholder='Nom *'  \/>\n                                                    <label for='input_2_1_6' class='gform-field-label gform-field-label--type-sub '>Nom<\/label>\n                        <\/li><li id=\"field_2_2\"  data-js-reload=\"field_2_2\"><label class='gfield_label gform-field-label' for='input_2_2'>E-mail*<\/label>\n                            <input name='input_2' id='input_2_2' type='email' value='' class='medium' tabindex='105'  placeholder='Courriel *' aria-required=\"true\" aria-invalid=\"false\"  \/>\n                        <\/li><li id=\"field_2_4\"  data-js-reload=\"field_2_4\"><label class='gfield_label gform-field-label' for='input_2_4'>Phone Number*<\/label><input name='input_4' id='input_2_4' type='text' value='' class='medium'   tabindex='106' placeholder='T\u00e9l\u00e9phone *' aria-required=\"true\" aria-invalid=\"false\"   \/><\/li><li id=\"field_2_9\"  data-js-reload=\"field_2_9\"><label class='gfield_label gform-field-label' for='input_2_9'>Arrival Date<\/label>\n                            <input name='input_9' id='input_2_9' type='text' value='' class='datepicker gform-datepicker mdy datepicker_no_icon gdatepicker-no-icon' tabindex='107'  placeholder='Date d'arriv\u00e9e' aria-describedby=\"input_2_9_date_format\" aria-invalid=\"false\" \/>\n                            MM slash JJ slash AAAA\n                        <input type='hidden' id='gforms_calendar_icon_input_2_9' class='gform_hidden' value='https:\/\/vwp.ca\/wp-content\/plugins\/gravityforms\/images\/datepicker\/datepicker.svg'\/><\/li><li id=\"field_2_12\"  data-js-reload=\"field_2_12\"><label class='gfield_label gform-field-label' for='input_2_12'>Departure Date<\/label>\n                            <input name='input_12' id='input_2_12' type='text' value='' class='datepicker gform-datepicker mdy datepicker_no_icon gdatepicker-no-icon' tabindex='108'  placeholder='Date de d\u00e9part' aria-describedby=\"input_2_12_date_format\" aria-invalid=\"false\" \/>\n                            MM slash JJ slash AAAA\n                        <input type='hidden' id='gforms_calendar_icon_input_2_12' class='gform_hidden' value='https:\/\/vwp.ca\/wp-content\/plugins\/gravityforms\/images\/datepicker\/datepicker.svg'\/><\/li><li id=\"field_2_10\"  data-js-reload=\"field_2_10\"><label class='gfield_label gform-field-label' for='input_2_10'>Number of Adults<\/label><input name='input_10' id='input_2_10' type='text' value='' class='medium'   tabindex='109' placeholder='Nombre d'adultes'  aria-invalid=\"false\"   \/><\/li><li id=\"field_2_13\"  data-js-reload=\"field_2_13\"><label class='gfield_label gform-field-label' for='input_2_13'>Number of Children<\/label><input name='input_13' id='input_2_13' type='text' value='' class='medium'   tabindex='110' placeholder='Nombre d'enfants'  aria-invalid=\"false\"   \/><\/li><li id=\"field_2_15\"  data-js-reload=\"field_2_15\"><label class='gfield_label gform-field-label'>J&#039;aimerais \u00eatre contact\u00e9 par*<\/label><ul class='gfield_radio' id='input_2_15'>\n\t\t\t<li class='gchoice gchoice_2_15_0'>\n\t\t\t\t<input name='input_15' type='radio' value='T\u00e9l\u00e9phone'  id='choice_2_15_0' tabindex='111'   \/>\n\t\t\t\t<label for='choice_2_15_0' id='label_2_15_0' class='gform-field-label gform-field-label--type-inline'>T\u00e9l\u00e9phone<\/label>\n\t\t\t<\/li>\n\t\t\t<li class='gchoice gchoice_2_15_1'>\n\t\t\t\t<input name='input_15' type='radio' value='Courriel'  id='choice_2_15_1' tabindex='112'   \/>\n\t\t\t\t<label for='choice_2_15_1' id='label_2_15_1' class='gform-field-label gform-field-label--type-inline'>Courriel<\/label>\n\t\t\t<\/li><\/ul><\/li><li id=\"field_2_14\"  data-js-reload=\"field_2_14\"><label class='gfield_label gform-field-label gfield_label_before_complex'>Demandes suppl\u00e9mentaires<\/label><ul class='gfield_checkbox' id='input_2_14'><li class='gchoice gchoice_2_14_1'>\n\t\t\t\t\t\t\t\t<input class='gfield-choice-input' name='input_14.1' type='checkbox'  value='Oui, j'aurai besoin de canots et de mat\u00e9riel'  id='choice_2_14_1' tabindex='113'  \/>\n\t\t\t\t\t\t\t\t<label for='choice_2_14_1' id='label_2_14_1' class='gform-field-label gform-field-label--type-inline'>Oui, j&rsquo;aurai besoin de canots et de mat\u00e9riel<\/label>\n\t\t\t\t\t\t\t<\/li><\/ul><\/li><li id=\"field_2_3\"  data-js-reload=\"field_2_3\"><label class='gfield_label gform-field-label' for='input_2_3'>Votre message*<\/label><textarea name='input_3' id='input_2_3' class='textarea medium' tabindex='114'   placeholder='Questions \/ commentaires' aria-required=\"true\" aria-invalid=\"false\"   rows='10' cols='50'><\/textarea><\/li><li id=\"field_2_11\"  data-js-reload=\"field_2_11\"><label class='gfield_label gform-field-label'>Abonnez-vous afin de recevoir nos offres et mises \u00e0 jour*<\/label><ul class='gfield_radio' id='input_2_11'>\n\t\t\t<li class='gchoice gchoice_2_11_0'>\n\t\t\t\t<input name='input_11' type='radio' value='Oui, avec plaisir!'  id='choice_2_11_0' tabindex='115'   \/>\n\t\t\t\t<label for='choice_2_11_0' id='label_2_11_0' class='gform-field-label gform-field-label--type-inline'>Oui, avec plaisir!<\/label>\n\t\t\t<\/li>\n\t\t\t<li class='gchoice gchoice_2_11_1'>\n\t\t\t\t<input name='input_11' type='radio' value='Non merci.'  id='choice_2_11_1' tabindex='116'   \/>\n\t\t\t\t<label for='choice_2_11_1' id='label_2_11_1' class='gform-field-label gform-field-label--type-inline'>Non merci.<\/label>\n\t\t\t<\/li><\/ul><\/li><li id=\"field_2_16\"  data-js-reload=\"field_2_16\"><label class='gfield_label gform-field-label' for='input_2_16'>Comments<\/label>Ce champ n&rsquo;est utilis\u00e9 qu&rsquo;\u00e0 des fins de validation et devrait rester inchang\u00e9.<input name='input_16' id='input_2_16' type='text' value='' autocomplete='new-password'\/><\/li><\/ul>\n         <input type='submit' id='gform_submit_button_2' class='gform_button button' onclick='gform.submission.handleButtonClick(this);' value='Envoi' tabindex='117' \/> \n            <input type='hidden' class='gform_hidden' name='gform_submission_method' data-js='gform_submission_method_2' value='postback' \/>\n            <input type='hidden' class='gform_hidden' name='gform_theme' data-js='gform_theme_2' id='gform_theme_2' value='legacy' \/>\n            <input type='hidden' class='gform_hidden' name='gform_style_settings' data-js='gform_style_settings_2' id='gform_style_settings_2' value='[]' \/>\n            <input type='hidden' class='gform_hidden' name='is_submit_2' value='1' \/>\n            <input type='hidden' class='gform_hidden' name='gform_submit' value='2' \/>\n            <input type='hidden' class='gform_hidden' name='gform_unique_id' value='' \/>\n            <input type='hidden' class='gform_hidden' name='state_2' value='WyJbXSIsImMwNjIzMjAzNGE4ZWUzZTJjOTFhZDIyOWUxYmI3YzYwIl0=' \/>\n            <input type='hidden' autocomplete='off' class='gform_hidden' name='gform_target_page_number_2' id='gform_target_page_number_2' value='0' \/>\n            <input type='hidden' autocomplete='off' class='gform_hidden' name='gform_source_page_number_2' id='gform_source_page_number_2' value='1' \/>\n            <input type='hidden' name='gform_field_values' value='' \/>\n                        <label>&#916;<textarea name=\"ak_hp_textarea\" cols=\"45\" rows=\"8\" maxlength=\"100\"><\/textarea><\/label><input type=\"hidden\" id=\"ak_js_1\" name=\"ak_js\" value=\"31\"\/><\/form>\n\t\t\t\t<img decoding=\"async\" src=\"https:\/\/vwp.ca\/wp-content\/uploads\/2020\/10\/Graphic_Canoe_White.png\" alt=\"Graphic Canoe White\" itemprop=\"image\" height=\"340\" width=\"926\" title=\"Graphic Canoe White\" onerror=\"this.style.display='none'\"  \/>\n\t\t\t\t<img decoding=\"async\" src=\"https:\/\/vwp.ca\/wp-content\/uploads\/2020\/12\/Voyageur-Wilderness-Programme-Metis-blue-symbol.jpg\" alt=\"Voyageur Wilderness Programme Metis Blue Symbol\" itemprop=\"image\" height=\"274\" width=\"800\" title=\"Voyageur Wilderness Programme Metis Blue Symbol\" onerror=\"this.style.display='none'\"  \/>\n\t\t\t\t<img decoding=\"async\" src=\"https:\/\/vwp.ca\/wp-content\/uploads\/2020\/12\/Voyageur-Wilderness-Programme-WTTC-TIAO-SafeTravels-2.jpg\" alt=\"Voyageur Wilderness Programme WTTC TIAO SafeTravels 2\" itemprop=\"image\" height=\"686\" width=\"800\" title=\"Voyageur Wilderness Programme WTTC TIAO SafeTravels 2\" onerror=\"this.style.display='none'\"  \/>\n\t\t\t\t<img decoding=\"async\" src=\"https:\/\/vwp.ca\/wp-content\/uploads\/2021\/01\/IEO-Logo-Black.png\" alt=\"IEO Logo Black\" itemprop=\"image\" height=\"117\" width=\"278\" title=\"IEO Logo Black\" onerror=\"this.style.display='none'\"  \/>\n\t\t\t\t<img decoding=\"async\" src=\"https:\/\/vwp.ca\/wp-content\/uploads\/2021\/02\/logo-welcome-bonjour-colour-cmyk.png\" alt=\"Logo Welcome Bonjour Colour Cmyk\" itemprop=\"image\" height=\"870\" width=\"1500\" title=\"Logo Welcome Bonjour Colour Cmyk\" onerror=\"this.style.display='none'\"  \/>\n\n","protected":false},"excerpt":{"rendered":"<p>Location de canot et d&rsquo;\u00e9quipementArri\u00e8re-pays de Quetico Depuis plus de 65 ans, Voyageur Wilderness offre des services de location partielle ou compl\u00e8te d&rsquo;\u00e9quipement, de m\u00eame que d&rsquo;authentiques aventures, \u00e0 partir du Voyageur Island lodge situ\u00e9 sur le lac Nym. Toutes nos aventures dans l&rsquo;arri\u00e8re-pays d\u00e9butent et se terminent dans le confort rustique du Voyageur Island&hellip;<\/p>\n","protected":false},"author":7,"featured_media":33635,"parent":0,"menu_order":0,"comment_status":"closed","ping_status":"closed","template":"","meta":{"_acf_changed":false,"_seopress_robots_primary_cat":"","_seopress_titles_title":"Location de canot et d\u2019\u00e9quipementArri\u00e8re-pays de Quetico","_seopress_titles_desc":"Depuis plus de 60 ans, Voyageur Wilderness offre des services de location partielle ou compl\u00e8te d\u2019\u00e9quipement, de m\u00eame que d\u2019authentiques aventures","_seopress_robots_index":"","_relevanssi_hide_post":"","_relevanssi_hide_content":"","_relevanssi_pin_for_all":"","_relevanssi_pin_keywords":"","_relevanssi_unpin_keywords":"","_relevanssi_related_keywords":"","_relevanssi_related_include_ids":"","_relevanssi_related_exclude_ids":"","_relevanssi_related_no_append":"","_relevanssi_related_not_related":"","_relevanssi_related_posts":"","_relevanssi_noindex_reason":"","_monsterinsights_skip_tracking":false,"_monsterinsights_sitenote_active":false,"_monsterinsights_sitenote_note":"","_monsterinsights_sitenote_category":0,"footnotes":""},"class_list":["post-34133","page","type-page","status-publish","has-post-thumbnail","hentry"],"acf":[],"_links":{"self":[{"href":"https:\/\/vwp.ca\/fr\/wp-json\/wp\/v2\/pages\/34133","targetHints":{"allow":["GET"]}}],"collection":[{"href":"https:\/\/vwp.ca\/fr\/wp-json\/wp\/v2\/pages"}],"about":[{"href":"https:\/\/vwp.ca\/fr\/wp-json\/wp\/v2\/types\/page"}],"author":[{"embeddable":true,"href":"https:\/\/vwp.ca\/fr\/wp-json\/wp\/v2\/users\/7"}],"replies":[{"embeddable":true,"href":"https:\/\/vwp.ca\/fr\/wp-json\/wp\/v2\/comments?post=34133"}],"version-history":[{"count":5,"href":"https:\/\/vwp.ca\/fr\/wp-json\/wp\/v2\/pages\/34133\/revisions"}],"predecessor-version":[{"id":35504,"href":"https:\/\/vwp.ca\/fr\/wp-json\/wp\/v2\/pages\/34133\/revisions\/35504"}],"wp:featuredmedia":[{"embeddable":true,"href":"https:\/\/vwp.ca\/fr\/wp-json\/wp\/v2\/media\/33635"}],"wp:attachment":[{"href":"https:\/\/vwp.ca\/fr\/wp-json\/wp\/v2\/media?parent=34133"}],"curies":[{"name":"wp","href":"https:\/\/api.w.org\/{rel}","templated":true}]}}