{"id":34259,"date":"2020-10-25T12:30:18","date_gmt":"2020-10-25T16:30:18","guid":{"rendered":"https:\/\/vwp.ca\/pricing\/"},"modified":"2025-03-11T10:33:28","modified_gmt":"2025-03-11T14:33:28","slug":"pricing","status":"publish","type":"page","link":"https:\/\/vwp.ca\/fr\/pricing\/","title":{"rendered":"Tarifs"},"content":{"rendered":"\n<h1>\n\t\tTarifs\n\t<\/h1>\n\t<p>Du mat\u00e9riel de qualit\u00e9, de bons tarifs et des services complets pour votre aventure en canot.<\/p>\n<h2>\n\t\tConditions\n\t<\/h2>\n<table  data-tablesaw-minimap>\n\t\t\t<thead>\n\t\t<tr>\n\t\t\t<th id=\"pp-table-col-1\" scope=\"col\" data-tablesaw-sortable-col>\t\t\t\t\t\n\t\t\t\t\t\t\t\t\t\t\t\tITEM\t\t\t\t\t\n\t\t\t\t\t<\/th><th id=\"pp-table-col-2\" scope=\"col\" data-tablesaw-sortable-col>\t\t\t\t\t\n\t\t\t\t\t\t\t\t\t\t\t\tD\u00c9TAILS\t\t\t\t\t\n\t\t\t\t\t<\/th>\t\t<\/tr>\n\t<\/thead>\n\t\t<tbody>\n\t\t<tr data-row-index=\"1\"><td>Tarifs<\/td><td>Tous les prix indiqu\u00e9s sont en dollars canadiens (CAD) et sujets \u00e0 changements. Les prix n&rsquo;incluent pas les taxes applicables et les pourboires.<\/td><\/tr><tr data-row-index=\"2\"><td>Taxes et pourboires<\/td><td>TVH 13% et pourboire de 5% minimum non inclus.<\/td><\/tr><tr data-row-index=\"3\"><td>Tarifs enfants<\/td><td>Enfants de 6 \u00e0 12 ans, 50% du tarif adulte. Enfants de moins de 5 ans, gratuit.<\/td><\/tr>\t<\/tbody>\n<\/table>\n<h2>\n\t\tForfaits &#038; s\u00e9jours\n\t<\/h2>\n<table  data-tablesaw-minimap>\n\t\t\t<thead>\n\t\t<tr>\n\t\t\t<th id=\"pp-table-col-1\" scope=\"col\" data-tablesaw-sortable-col>\t\t\t\t\t\n\t\t\t\t\t\t\t\t\t\t\t\tType de forfait\t\t\t\t\t\n\t\t\t\t\t<\/th><th id=\"pp-table-col-2\" scope=\"col\" data-tablesaw-sortable-col>\t\t\t\t\t\n\t\t\t\t\t\t\t\t\t\t\t\tTARIFS (CAD) Taxes en sus<br \/>Tarifs r\u00e9duits pour jeunes et enfants disponibles\t\t\t\t\t\n\t\t\t\t\t<\/th>\t\t<\/tr>\n\t<\/thead>\n\t\t<tbody>\n\t\t<tr data-row-index=\"1\"><td>Aventure familiale classique Quetico, canot &#038; lodge (5 jours\/4 nuits)<\/td><td>1210 $ par personne<\/td><\/tr><tr data-row-index=\"2\"><td>D\u00e9couvrez Quetico, canot &#038; lodge (7 jours\/6 nuits)<\/td><td>1600 $ par personne<\/td><\/tr><tr data-row-index=\"3\"><td>En quete de Quetico, canot &#038; lodge (8 jours\/7 nuits)<\/td><td>1755 $ par personne<\/td><\/tr><tr data-row-index=\"4\"><td>Venez revivre l&rsquo;exp\u00e9rience de Quetico (9 jours\/8 nuits)<\/td><td>1810 $ par personne<\/td><\/tr>\t<\/tbody>\n<\/table>\n<h2>\n\t\t\u00c9quipement complet et nourriture\n\t<\/h2>\n<table  data-tablesaw-minimap>\n\t\t\t<thead>\n\t\t<tr>\n\t\t\t<th id=\"pp-table-col-1\" scope=\"col\" data-tablesaw-sortable-col>\t\t\t\t\t\n\t\t\t\t\t\t\t\t\t\t\t\t\u00c9quipement complet et nourriture<br \/>((N&rsquo;inclut pas de forfait))\t\t\t\t\t\n\t\t\t\t\t<\/th><th id=\"pp-table-col-2\" scope=\"col\" data-tablesaw-sortable-col>\t\t\t\t\t\n\t\t\t\t\t\t\t\t\t\t\t\tTARIF (CAD)<br \/>Par personne, par jour. Minimum 2 personnes. Taxes en sus.\t\t\t\t\t\n\t\t\t\t\t<\/th>\t\t<\/tr>\n\t<\/thead>\n\t\t<tbody>\n\t\t<tr data-row-index=\"1\"><td>Le forfait \u00e9quipement complet Nor&rsquo;Wester (1-3 jours)<\/td><td>165 $<\/td><\/tr><tr data-row-index=\"2\"><td>Le forfait \u00e9quipement complet Nor&rsquo;Wester (4-7 jours)<\/td><td>160 $<\/td><\/tr><tr data-row-index=\"3\"><td>Le forfait \u00e9quipement complet Nor&rsquo;Wester (8+ jours)<\/td><td>155 $<\/td><\/tr><tr data-row-index=\"4\"><td>Le forfait \u00e9quipement complet Voyageur (1-3 jours)<\/td><td>155 $<\/td><\/tr><tr data-row-index=\"5\"><td>Le forfait \u00e9quipement complet Voyageur (4-7 jours)<\/td><td>150 $<\/td><\/tr><tr data-row-index=\"6\"><td>Le forfait \u00e9quipement complet Voyageur (8+ jours)<\/td><td>145 $<\/td><\/tr>\t<\/tbody>\n<\/table>\n<h2>\n\t\tLocation d&rsquo;\u00e9quipement\n\t<\/h2>\n<table  data-tablesaw-minimap>\n\t\t\t<thead>\n\t\t<tr>\n\t\t\t<th id=\"pp-table-col-1\" scope=\"col\" data-tablesaw-sortable-col>\t\t\t\t\t\n\t\t\t\t\t\t\t\t\t\t\t\t\u00c9quipement\t\t\t\t\t\n\t\t\t\t\t<\/th><th id=\"pp-table-col-2\" scope=\"col\" data-tablesaw-sortable-col>\t\t\t\t\t\n\t\t\t\t\t\t\t\t\t\t\t\tPrix (en dollars canadiens)<br \/>(Par item, par jour, taxes en sus. Sujet \u00e0 changement.)\t\t\t\t\t\n\t\t\t\t\t<\/th>\t\t<\/tr>\n\t<\/thead>\n\t\t<tbody>\n\t\t<tr data-row-index=\"1\"><td>Canot en kevlar de 19kg, 17 pieds, de marque Souris River &#8211; avec coussinets, pagaies, VFI et trousse de secours en canot<\/td><td>$65.00<\/td><\/tr><tr data-row-index=\"2\"><td>Canot en Kevlar 3 places de 20.9kg, 18.5 pieds de marque Souris River &#8211; avec coussinets, pagaies, VFI et trousse de secours en canot<\/td><td>$80.00<\/td><\/tr><tr data-row-index=\"3\"><td>Canot Alumnacraft: 28.1kg,18.5 pieds &#8212; avec coussinets, pagaies,VFI et trousse de secours en canot<\/td><td>$50.00<\/td><\/tr><tr data-row-index=\"4\"><td>Pagaie en epoxy-aluminium, manche droit ou incurv\u00e9<\/td><td>$8.00<\/td><\/tr><tr data-row-index=\"5\"><td>V\u00eatement de flottaison individuel (VFI)<\/td><td>$5.75<\/td><\/tr><tr data-row-index=\"6\"><td>Planche \u00e0 pagaie (SUP), VFI, laisse de cheville.Taux horaire $15\/heure disponible pour clients en lodge\/chalet<\/td><td>$50.00<\/td><\/tr><tr data-row-index=\"7\"><td>Duluth Pack: Cordura Backpack &#8211; selon nos sp\u00e9cifications pour les excursions en canot<\/td><td>$10.00<\/td><\/tr><tr data-row-index=\"8\"><td>Sacs \u00e9tanches Eureka pour vos v\u00eatements et autres effets personnels<\/td><td>$5.25<\/td><\/tr><tr data-row-index=\"9\"><td>Tente 2 places Eureka, b\u00e2che de sol et b\u00e2che pour la pluie<\/td><td>$20.00<\/td><\/tr><tr data-row-index=\"10\"><td>Tente 4 places Eureka, b\u00e2che de sol et b\u00e2che pour la pluie<\/td><td>$28.00<\/td><\/tr><tr data-row-index=\"11\"><td>Sac de couchage Qualofil, doublure en flanelle, sac de compression \u00e9tanche<\/td><td>$9.25<\/td><\/tr><tr data-row-index=\"12\"><td>Matelas de sol Therm-a-rest, 3\/4 ou pleine longueur<\/td><td>$10.00<\/td><\/tr><tr data-row-index=\"13\"><td>R\u00e9chaud et gaz de marque Peak ou Coleman, 1 rond, avec \u00e9tui de transport<\/td><td>$15.00<\/td><\/tr><tr data-row-index=\"14\"><td>R\u00e9chaud \u00e0 deux ronds de marque Coleman, propane, \u00e9tui de transport<\/td><td>$21.50<\/td><\/tr><tr data-row-index=\"15\"><td>Ensemble de cuisine Cook Kit deluxe avec couteau \u00e0 filet (prix par personne par jour)<\/td><td>$10.00<\/td><\/tr><tr data-row-index=\"16\"><td>Nourriture pour exp\u00e9dition: nourriture s\u00e8che et fra\u00eeche offerte dans nos sac \u00e0 dos personnalis\u00e9s incluant une b\u00e2che suppl\u00e9mentaire. Repas v\u00e9g\u00e9tariens et repas respectant des besoins alimentaires particuliers disponibles.<\/td><td>$70.00<\/td><\/tr>\t<\/tbody>\n<\/table>\n<h2>\n\t\tH\u00e9bergement\n\t<\/h2>\n<table  data-tablesaw-minimap>\n\t\t\t<thead>\n\t\t<tr>\n\t\t\t<th id=\"pp-table-col-1\" scope=\"col\" data-tablesaw-sortable-col>\t\t\t\t\t\n\t\t\t\t\t\t\t\t\t\t\t\tH\u00e9bergement\t\t\t\t\t\n\t\t\t\t\t<\/th><th id=\"pp-table-col-2\" scope=\"col\" data-tablesaw-sortable-col>\t\t\t\t\t\n\t\t\t\t\t\t\t\t\t\t\t\tTARIFS (CAD) Taxes en sus<br \/>Arriv\u00e9e apr\u00e8s 14h, d\u00e9part avant 10h\t\t\t\t\t\n\t\t\t\t\t<\/th>\t\t<\/tr>\n\t<\/thead>\n\t\t<tbody>\n\t\t<tr data-row-index=\"1\"><td>Cabine Adirondack (couchette et caf\u00e9)<\/td><td>80 $ par adulte par nuit <br \/>(minimum 4 personnes)<\/td><\/tr><tr data-row-index=\"2\"><td>Chambre au Lodge (couchette et caf\u00e9)<\/td><td>110 $ par adulte par nuit en occupation double<\/td><\/tr><tr data-row-index=\"3\"><td>Chalet sur une \u00eele priv\u00e9e<\/td><td>380 $ par nuit <br \/>(minimum 2 nuits, maximum 6 personnes)<\/td><\/tr>\t<\/tbody>\n<\/table>\n\t\t\t\t<a\n\t\t\thref=\"https:\/\/vwp.ca\/wp-content\/uploads\/2020\/10\/Voyageur-Wilderness-Programme-COUPLES-057-4168-1100x825.jpg\"\n\t\t\t\t\t\tdata-fancybox=\"images\" \n\t\t\ttitle=\"ONTARIO TOURISM 2013 VOYAGEUR WILDERNESS PROGRAM SHOOT\" \n\t\t\t\t\t\tdata-caption=\"LOCATION: QUETICO PROVINCIAL PARK\"\n\t\t\t\t\t\tdata-description=\"\" \n\t\t\titemprop=\"contentUrl\">\n\t\t\t<img decoding=\"async\" src=\"https:\/\/vwp.ca\/wp-content\/uploads\/2020\/10\/Voyageur-Wilderness-Programme-COUPLES-057-4168-800x600.jpg\" alt=\"\" data-no-lazy=\"1\" itemprop=\"thumbnail\" width=\"800\" height=\"600\" \/>\n\t\t\t<!-- Overlay Wrapper -->\n\t\t\t <!-- Overlay Wrapper Closed -->\n\t\t\t\t<\/a>\n\t\t\t\t\t\t\t<meta itemprop=\"width\" content=\"800\" \/>\n\t\t\t<meta itemprop=\"height\" content=\"600\" \/>\n\t\t\t\t<a\n\t\t\thref=\"https:\/\/vwp.ca\/wp-content\/uploads\/2020\/10\/Voyageur-Wilderness-Programme-COUPLES-059-6335-1100x825.jpg\"\n\t\t\t\t\t\tdata-fancybox=\"images\" \n\t\t\ttitle=\"ONTARIO TOURISM 2013 VOYAGEUR WILDERNESS PROGRAM SHOOT\" \n\t\t\t\t\t\tdata-caption=\"LOCATION: QUETICO PROVINCIAL PARK\"\n\t\t\t\t\t\tdata-description=\"\" \n\t\t\titemprop=\"contentUrl\">\n\t\t\t<img decoding=\"async\" src=\"https:\/\/vwp.ca\/wp-content\/uploads\/2020\/10\/Voyageur-Wilderness-Programme-COUPLES-059-6335-800x600.jpg\" alt=\"\" data-no-lazy=\"1\" itemprop=\"thumbnail\" width=\"800\" height=\"600\" \/>\n\t\t\t<!-- Overlay Wrapper -->\n\t\t\t <!-- Overlay Wrapper Closed -->\n\t\t\t\t<\/a>\n\t\t\t\t\t\t\t<meta itemprop=\"width\" content=\"800\" \/>\n\t\t\t<meta itemprop=\"height\" content=\"600\" \/>\n\t\t\t\t<a\n\t\t\thref=\"https:\/\/vwp.ca\/wp-content\/uploads\/2020\/10\/Voyageur-Wilderness-Programme-COUPLES-098--1100x825.jpg\"\n\t\t\t\t\t\tdata-fancybox=\"images\" \n\t\t\ttitle=\"ONTARIO TOURISM 2013 VOYAGEUR WILDERNESS PROGRAM SHOOT\" \n\t\t\t\t\t\tdata-caption=\"LOCATION: QUETICO PROVINCIAL PARK\"\n\t\t\t\t\t\tdata-description=\"\" \n\t\t\titemprop=\"contentUrl\">\n\t\t\t<img decoding=\"async\" src=\"https:\/\/vwp.ca\/wp-content\/uploads\/2020\/10\/Voyageur-Wilderness-Programme-COUPLES-098--800x600.jpg\" alt=\"\" data-no-lazy=\"1\" itemprop=\"thumbnail\" width=\"800\" height=\"600\" \/>\n\t\t\t<!-- Overlay Wrapper -->\n\t\t\t <!-- Overlay Wrapper Closed -->\n\t\t\t\t<\/a>\n\t\t\t\t\t\t\t<meta itemprop=\"width\" content=\"800\" \/>\n\t\t\t<meta itemprop=\"height\" content=\"600\" \/>\n\t<h2>\n\t\tInformation et r\u00e9servation<br \/>\n\t<\/h2>\n\t\t\t<a href=\"tel:+18075972450\" target=\"_self\">\n\t\t\t\t\t\t+1-807-597-2450\n\t\t\t\t\t<\/a>\n                <form method='post' enctype='multipart\/form-data'  id='gform_2'  action='\/fr\/?page_id=34259&#038;fl_builder#gf_2' data-formid='2' novalidate>\n                        <ul id='gform_fields_2' class='gform_fields top_label form_sublabel_below description_above validation_below'><li id=\"field_2_1\"  data-js-reload=\"field_2_1\"><label class='gfield_label gform-field-label gfield_label_before_complex'>Name*<\/label>\n                                                    <input type='text' name='input_1.3' id='input_2_1_3' value='' tabindex='101'  aria-required='true'   placeholder='Pr\u00e9nom *'  \/>\n                                                    <label for='input_2_1_3' class='gform-field-label gform-field-label--type-sub '>Pr\u00e9nom<\/label>\n                                                    <input type='text' name='input_1.6' id='input_2_1_6' value='' tabindex='103'  aria-required='true'   placeholder='Nom *'  \/>\n                                                    <label for='input_2_1_6' class='gform-field-label gform-field-label--type-sub '>Nom<\/label>\n                        <\/li><li id=\"field_2_2\"  data-js-reload=\"field_2_2\"><label class='gfield_label gform-field-label' for='input_2_2'>E-mail*<\/label>\n                            <input name='input_2' id='input_2_2' type='email' value='' class='medium' tabindex='105'  placeholder='Courriel *' aria-required=\"true\" aria-invalid=\"false\"  \/>\n                        <\/li><li id=\"field_2_4\"  data-js-reload=\"field_2_4\"><label class='gfield_label gform-field-label' for='input_2_4'>Phone Number*<\/label><input name='input_4' id='input_2_4' type='text' value='' class='medium'   tabindex='106' placeholder='T\u00e9l\u00e9phone *' aria-required=\"true\" aria-invalid=\"false\"   \/><\/li><li id=\"field_2_9\"  data-js-reload=\"field_2_9\"><label class='gfield_label gform-field-label' for='input_2_9'>Arrival Date<\/label>\n                            <input name='input_9' id='input_2_9' type='text' value='' class='datepicker gform-datepicker mdy datepicker_no_icon gdatepicker-no-icon' tabindex='107'  placeholder='Date d'arriv\u00e9e' aria-describedby=\"input_2_9_date_format\" aria-invalid=\"false\" \/>\n                            MM slash JJ slash AAAA\n                        <input type='hidden' id='gforms_calendar_icon_input_2_9' class='gform_hidden' value='https:\/\/vwp.ca\/wp-content\/plugins\/gravityforms\/images\/datepicker\/datepicker.svg'\/><\/li><li id=\"field_2_12\"  data-js-reload=\"field_2_12\"><label class='gfield_label gform-field-label' for='input_2_12'>Departure Date<\/label>\n                            <input name='input_12' id='input_2_12' type='text' value='' class='datepicker gform-datepicker mdy datepicker_no_icon gdatepicker-no-icon' tabindex='108'  placeholder='Date de d\u00e9part' aria-describedby=\"input_2_12_date_format\" aria-invalid=\"false\" \/>\n                            MM slash JJ slash AAAA\n                        <input type='hidden' id='gforms_calendar_icon_input_2_12' class='gform_hidden' value='https:\/\/vwp.ca\/wp-content\/plugins\/gravityforms\/images\/datepicker\/datepicker.svg'\/><\/li><li id=\"field_2_10\"  data-js-reload=\"field_2_10\"><label class='gfield_label gform-field-label' for='input_2_10'>Number of Adults<\/label><input name='input_10' id='input_2_10' type='text' value='' class='medium'   tabindex='109' placeholder='Nombre d'adultes'  aria-invalid=\"false\"   \/><\/li><li id=\"field_2_13\"  data-js-reload=\"field_2_13\"><label class='gfield_label gform-field-label' for='input_2_13'>Number of Children<\/label><input name='input_13' id='input_2_13' type='text' value='' class='medium'   tabindex='110' placeholder='Nombre d'enfants'  aria-invalid=\"false\"   \/><\/li><li id=\"field_2_15\"  data-js-reload=\"field_2_15\"><label class='gfield_label gform-field-label'>J&#039;aimerais \u00eatre contact\u00e9 par*<\/label><ul class='gfield_radio' id='input_2_15'>\n\t\t\t<li class='gchoice gchoice_2_15_0'>\n\t\t\t\t<input name='input_15' type='radio' value='T\u00e9l\u00e9phone'  id='choice_2_15_0' tabindex='111'   \/>\n\t\t\t\t<label for='choice_2_15_0' id='label_2_15_0' class='gform-field-label gform-field-label--type-inline'>T\u00e9l\u00e9phone<\/label>\n\t\t\t<\/li>\n\t\t\t<li class='gchoice gchoice_2_15_1'>\n\t\t\t\t<input name='input_15' type='radio' value='Courriel'  id='choice_2_15_1' tabindex='112'   \/>\n\t\t\t\t<label for='choice_2_15_1' id='label_2_15_1' class='gform-field-label gform-field-label--type-inline'>Courriel<\/label>\n\t\t\t<\/li><\/ul><\/li><li id=\"field_2_14\"  data-js-reload=\"field_2_14\"><label class='gfield_label gform-field-label gfield_label_before_complex'>Demandes suppl\u00e9mentaires<\/label><ul class='gfield_checkbox' id='input_2_14'><li class='gchoice gchoice_2_14_1'>\n\t\t\t\t\t\t\t\t<input class='gfield-choice-input' name='input_14.1' type='checkbox'  value='Oui, j'aurai besoin de canots et de mat\u00e9riel'  id='choice_2_14_1' tabindex='113'  \/>\n\t\t\t\t\t\t\t\t<label for='choice_2_14_1' id='label_2_14_1' class='gform-field-label gform-field-label--type-inline'>Oui, j&rsquo;aurai besoin de canots et de mat\u00e9riel<\/label>\n\t\t\t\t\t\t\t<\/li><\/ul><\/li><li id=\"field_2_3\"  data-js-reload=\"field_2_3\"><label class='gfield_label gform-field-label' for='input_2_3'>Votre message*<\/label><textarea name='input_3' id='input_2_3' class='textarea medium' tabindex='114'   placeholder='Questions \/ commentaires' aria-required=\"true\" aria-invalid=\"false\"   rows='10' cols='50'><\/textarea><\/li><li id=\"field_2_11\"  data-js-reload=\"field_2_11\"><label class='gfield_label gform-field-label'>Abonnez-vous afin de recevoir nos offres et mises \u00e0 jour*<\/label><ul class='gfield_radio' id='input_2_11'>\n\t\t\t<li class='gchoice gchoice_2_11_0'>\n\t\t\t\t<input name='input_11' type='radio' value='Oui, avec plaisir!'  id='choice_2_11_0' tabindex='115'   \/>\n\t\t\t\t<label for='choice_2_11_0' id='label_2_11_0' class='gform-field-label gform-field-label--type-inline'>Oui, avec plaisir!<\/label>\n\t\t\t<\/li>\n\t\t\t<li class='gchoice gchoice_2_11_1'>\n\t\t\t\t<input name='input_11' type='radio' value='Non merci.'  id='choice_2_11_1' tabindex='116'   \/>\n\t\t\t\t<label for='choice_2_11_1' id='label_2_11_1' class='gform-field-label gform-field-label--type-inline'>Non merci.<\/label>\n\t\t\t<\/li><\/ul><\/li><li id=\"field_2_16\"  data-js-reload=\"field_2_16\"><label class='gfield_label gform-field-label' for='input_2_16'>Comments<\/label>Ce champ n&rsquo;est utilis\u00e9 qu&rsquo;\u00e0 des fins de validation et devrait rester inchang\u00e9.<input name='input_16' id='input_2_16' type='text' value='' autocomplete='new-password'\/><\/li><\/ul>\n         <input type='submit' id='gform_submit_button_2' class='gform_button button' onclick='gform.submission.handleButtonClick(this);' value='Envoi' tabindex='117' \/> \n            <input type='hidden' class='gform_hidden' name='gform_submission_method' data-js='gform_submission_method_2' value='postback' \/>\n            <input type='hidden' class='gform_hidden' name='gform_theme' data-js='gform_theme_2' id='gform_theme_2' value='legacy' \/>\n            <input type='hidden' class='gform_hidden' name='gform_style_settings' data-js='gform_style_settings_2' id='gform_style_settings_2' value='[]' \/>\n            <input type='hidden' class='gform_hidden' name='is_submit_2' value='1' \/>\n            <input type='hidden' class='gform_hidden' name='gform_submit' value='2' \/>\n            <input type='hidden' class='gform_hidden' name='gform_unique_id' value='' \/>\n            <input type='hidden' class='gform_hidden' name='state_2' value='WyJbXSIsImMwNjIzMjAzNGE4ZWUzZTJjOTFhZDIyOWUxYmI3YzYwIl0=' \/>\n            <input type='hidden' autocomplete='off' class='gform_hidden' name='gform_target_page_number_2' id='gform_target_page_number_2' value='0' \/>\n            <input type='hidden' autocomplete='off' class='gform_hidden' name='gform_source_page_number_2' id='gform_source_page_number_2' value='1' \/>\n            <input type='hidden' name='gform_field_values' value='' \/>\n                        <label>&#916;<textarea name=\"ak_hp_textarea\" cols=\"45\" rows=\"8\" maxlength=\"100\"><\/textarea><\/label><input type=\"hidden\" id=\"ak_js_1\" name=\"ak_js\" value=\"225\"\/><\/form>\n\n","protected":false},"excerpt":{"rendered":"<p>Tarifs Du mat\u00e9riel de qualit\u00e9, de bons tarifs et des services complets pour votre aventure en canot. Conditions ITEM D\u00c9TAILS Tarifs Tous les prix indiqu\u00e9s sont en dollars canadiens (CAD) et sujets \u00e0 changements. Les prix n&rsquo;incluent pas les taxes applicables et les pourboires. Taxes et pourboires TVH 13% et pourboire de 5% minimum non&hellip;<\/p>\n","protected":false},"author":7,"featured_media":33751,"parent":0,"menu_order":0,"comment_status":"closed","ping_status":"closed","template":"","meta":{"_acf_changed":false,"_seopress_robots_primary_cat":"","_seopress_titles_title":"Du mat\u00e9riel de qualit\u00e9, de bons tarifs et des services complets pour votre aventure en canot.","_seopress_titles_desc":"Tous les prix indiqu\u00e9s sont en dollars canadiens (CAD) et sujets \u00e0 changements.","_seopress_robots_index":"","_relevanssi_hide_post":"","_relevanssi_hide_content":"","_relevanssi_pin_for_all":"","_relevanssi_pin_keywords":"","_relevanssi_unpin_keywords":"","_relevanssi_related_keywords":"","_relevanssi_related_include_ids":"","_relevanssi_related_exclude_ids":"","_relevanssi_related_no_append":"","_relevanssi_related_not_related":"","_relevanssi_related_posts":"","_relevanssi_noindex_reason":"","_monsterinsights_skip_tracking":false,"_monsterinsights_sitenote_active":false,"_monsterinsights_sitenote_note":"","_monsterinsights_sitenote_category":0,"footnotes":""},"class_list":["post-34259","page","type-page","status-publish","has-post-thumbnail","hentry"],"acf":[],"_links":{"self":[{"href":"https:\/\/vwp.ca\/fr\/wp-json\/wp\/v2\/pages\/34259","targetHints":{"allow":["GET"]}}],"collection":[{"href":"https:\/\/vwp.ca\/fr\/wp-json\/wp\/v2\/pages"}],"about":[{"href":"https:\/\/vwp.ca\/fr\/wp-json\/wp\/v2\/types\/page"}],"author":[{"embeddable":true,"href":"https:\/\/vwp.ca\/fr\/wp-json\/wp\/v2\/users\/7"}],"replies":[{"embeddable":true,"href":"https:\/\/vwp.ca\/fr\/wp-json\/wp\/v2\/comments?post=34259"}],"version-history":[{"count":5,"href":"https:\/\/vwp.ca\/fr\/wp-json\/wp\/v2\/pages\/34259\/revisions"}],"predecessor-version":[{"id":35506,"href":"https:\/\/vwp.ca\/fr\/wp-json\/wp\/v2\/pages\/34259\/revisions\/35506"}],"wp:featuredmedia":[{"embeddable":true,"href":"https:\/\/vwp.ca\/fr\/wp-json\/wp\/v2\/media\/33751"}],"wp:attachment":[{"href":"https:\/\/vwp.ca\/fr\/wp-json\/wp\/v2\/media?parent=34259"}],"curies":[{"name":"wp","href":"https:\/\/api.w.org\/{rel}","templated":true}]}}