{"id":34264,"date":"2018-02-16T11:45:03","date_gmt":"2018-02-16T16:45:03","guid":{"rendered":"https:\/\/vwp.ca\/tours-and-programs\/"},"modified":"2023-01-02T13:04:45","modified_gmt":"2023-01-02T18:04:45","slug":"tours-and-programs","status":"publish","type":"page","link":"https:\/\/vwp.ca\/fr\/tours-and-programs\/","title":{"rendered":"Visites guid\u00e9es et programmes"},"content":{"rendered":"\r\n<h1>Exp\u00e9riences authentiques de Voyageur<\/h1>\r\n<p>Voyageur Wilderness se sp\u00e9cialise en visites guid\u00e9es, programmes et ateliers. Forts de 60 ans d&rsquo;exp\u00e9rience, de connaissances et de tradition, nous simplifions la planification d&rsquo;exp\u00e9rience authentiques dans un souci d&rsquo;abordabilit\u00e9.<\/p>\r\n<p>Nous aimons partager l&rsquo;esprit et les traditions de la culture autochtone du canot qui respectent M\u00e8re nature, l&rsquo;individu, la famille et la communaut\u00e9.<\/p>\r\n<p><em>\u00ab\u00a0Nous AIMONS ce que nous faisons. Transmettre le savoir \u00e0 travers des traditions, des r\u00e9cits et des coutumes bas\u00e9es sur la nature, d&rsquo;une g\u00e9n\u00e9ration \u00e0 la suivante.\u00a0\u00bb, Michelle Savoie.<\/em><\/p>\r\n<p><img decoding=\"async\" title=\"Voyageur Wilderness Illustration Kayak Scene 72dpi\" src=\"https:\/\/vwp.ca\/wp-content\/uploads\/2021\/01\/Voyageur-Wilderness-Illustration-Kayak-Scene-72dpi.png\" alt=\"Voyageur Wilderness Illustration Kayak Scene 72dpi\" width=\"529\" height=\"399\" \/> <img decoding=\"async\" title=\"Voyageur Wilderness Illustration Horseman 72dpi\" src=\"https:\/\/vwp.ca\/wp-content\/uploads\/2021\/01\/Voyageur-Wilderness-Illustration-Horseman-72dpi.png\" alt=\"Voyageur Wilderness Illustration Horseman 72dpi\" width=\"429\" height=\"403\" \/><\/p>\r\n<h3>Programmes sur mesure pour groupes<\/h3>\r\n<p>Via notre programme personnalis\u00e9 pour les groupes, nous collaborons avec les organisations afin d&rsquo;\u00eatre un tremplin vers une exp\u00e9rience de canot authentique et bas\u00e9e sur la nature. Minimum de 10 participants par s\u00e9jour de groupe.<\/p>\r\n<p><a role=\"button\" href=\"#form-contact\" target=\"_self\" rel=\"noopener\"> Contactez-nous pour plus d&rsquo;information <\/a><\/p>\r\n<h3>Des id\u00e9es pour votre escapade de groupe<\/h3>\r\n<p>\u00c0 travers les ann\u00e9es, nous avons \u00e9t\u00e9 les h\u00f4tes de plusieurs escapades ou retraites ferm\u00e9es. Demandez-nous comment nous pouvons vous aider \u00e0 cr\u00e9er une exp\u00e9rience unique pour votre groupe!<\/p>\r\n<p>Exemples:<\/p>\r\n<ul>\r\n<li>Escapade de yoga pour femmes<\/li>\r\n<\/ul>\r\n<p><a role=\"button\" href=\"#form-contact\" target=\"_self\" rel=\"noopener\"> Contactez-nous pour plus d&rsquo;information <\/a><\/p>\r\n<h3>Ateliers<\/h3>\r\n<p>Bient\u00f4t disponible!<\/p>\r\n<p><a role=\"button\" href=\"#form-contact\" target=\"_self\" rel=\"noopener\"> Contactez-nous pour plus d&rsquo;information <\/a> <a title=\"ONTARIO TOURISM 2013 VOYAGEUR WILDERNESS PROGRAM SHOOT\" href=\"https:\/\/vwp.ca\/wp-content\/uploads\/2020\/10\/Voyageur-Wilderness-Programme-FAMILY-108-2679-1100x825.jpg\" data-fancybox=\"images\" data-caption=\"LOCATION: QUETICO PROVINCIAL PARK\" data-description=\"\"> <img decoding=\"async\" src=\"https:\/\/vwp.ca\/wp-content\/uploads\/2020\/10\/Voyageur-Wilderness-Programme-FAMILY-108-2679-800x600.jpg\" alt=\"\" width=\"800\" height=\"600\" data-no-lazy=\"1\" \/> <!-- Overlay Wrapper --><!-- Overlay Wrapper Closed --> <\/a> <a title=\"ONTARIO TOURISM 2013 VOYAGEUR WILDERNESS PROGRAM SHOOT\" href=\"https:\/\/vwp.ca\/wp-content\/uploads\/2020\/10\/Voyageur-Wilderness-Programme-FAMILY-033-0619-1100x825.jpg\" data-fancybox=\"images\" data-caption=\"LOCATION: QUETICO PROVINCIAL PARK\" data-description=\"\"> <img decoding=\"async\" src=\"https:\/\/vwp.ca\/wp-content\/uploads\/2020\/10\/Voyageur-Wilderness-Programme-FAMILY-033-0619-800x600.jpg\" alt=\"\" width=\"800\" height=\"600\" data-no-lazy=\"1\" \/> <!-- Overlay Wrapper --><!-- Overlay Wrapper Closed --> <\/a> <a title=\"ONTARIO TOURISM 2013 VOYAGEUR WILDERNESS PROGRAM SHOOT\" href=\"https:\/\/vwp.ca\/wp-content\/uploads\/2020\/10\/Voyageur-Wilderness-Programme-COUPLES-105-5248-1-1100x825.jpg\" data-fancybox=\"images\" data-caption=\"LOCATION: QUETICO PROVINCIAL PARK\" data-description=\"\"> <img decoding=\"async\" src=\"https:\/\/vwp.ca\/wp-content\/uploads\/2020\/10\/Voyageur-Wilderness-Programme-COUPLES-105-5248-1-800x600.jpg\" alt=\"\" width=\"800\" height=\"600\" data-no-lazy=\"1\" \/> <!-- Overlay Wrapper --><!-- Overlay Wrapper Closed --> <\/a> <a title=\"ONTARIO TOURISM 2013 VOYAGEUR WILDERNESS PROGRAM SHOOT\" href=\"https:\/\/vwp.ca\/wp-content\/uploads\/2020\/10\/Voyageur-Wilderness-Programme-COUPLES-077-4975-1100x825.jpg\" data-fancybox=\"images\" data-caption=\"LOCATION: QUETICO PROVINCIAL PARK\" data-description=\"\"> <img decoding=\"async\" src=\"https:\/\/vwp.ca\/wp-content\/uploads\/2020\/10\/Voyageur-Wilderness-Programme-COUPLES-077-4975-800x600.jpg\" alt=\"\" width=\"800\" height=\"600\" data-no-lazy=\"1\" \/> <!-- Overlay Wrapper --><!-- Overlay Wrapper Closed --> <\/a><\/p>\r\n<h2>Information et r\u00e9servation<br \/><\/h2>\r\n<p><a role=\"button\" href=\"tel:+18075972450\" target=\"_self\" rel=\"noopener\"> +1-807-597-2450 <\/a><\/p>\r\n<form id=\"gform_2\" action=\"\/fr\/?page_id=34264&amp;fl_builder#gf_2\" enctype=\"multipart\/form-data\" method=\"post\" novalidate=\"\">\r\n<ul id=\"gform_fields_2\" class=\"gform_fields top_label form_sublabel_below description_above\">\r\n<li id=\"field_2_1\" data-js-reload=\"field_2_1\"><label class=\"gfield_label gfield_label_before_complex\">Name*<\/label> <input id=\"input_2_1_3\" tabindex=\"101\" name=\"input_1.3\" type=\"text\" value=\"\" placeholder=\"Pr\u00e9nom *\" aria-required=\"true\" \/> <label for=\"input_2_1_3\">Pr\u00e9nom<\/label> <input id=\"input_2_1_6\" tabindex=\"103\" name=\"input_1.6\" type=\"text\" value=\"\" placeholder=\"Nom *\" aria-required=\"true\" \/> <label for=\"input_2_1_6\">Nom<\/label><\/li>\r\n<li id=\"field_2_2\" data-js-reload=\"field_2_2\"><label class=\"gfield_label\" for=\"input_2_2\">E-mail*<\/label> <input id=\"input_2_2\" class=\"medium\" tabindex=\"105\" name=\"input_2\" type=\"email\" value=\"\" placeholder=\"Courriel *\" aria-required=\"true\" aria-invalid=\"false\" \/><\/li>\r\n<li id=\"field_2_4\" data-js-reload=\"field_2_4\"><label class=\"gfield_label\" for=\"input_2_4\">Phone Number*<\/label><input id=\"input_2_4\" class=\"medium\" tabindex=\"106\" name=\"input_4\" type=\"text\" value=\"\" placeholder=\"T\u00e9l\u00e9phone *\" aria-required=\"true\" aria-invalid=\"false\" \/><\/li>\r\n<li id=\"field_2_9\" data-js-reload=\"field_2_9\"><label class=\"gfield_label\" for=\"input_2_9\">Arrival Date<\/label> <input id=\"input_2_9\" class=\"datepicker mdy datepicker_no_icon gdatepicker-no-icon\" tabindex=\"107\" name=\"input_9\" type=\"text\" value=\"\" placeholder=\"Date d\" aria-describedby=\"input_2_9_date_format\" aria-invalid=\"false\" \/> MM slash JJ slash AAAA <input id=\"gforms_calendar_icon_input_2_9\" class=\"gform_hidden\" type=\"hidden\" value=\"https:\/\/vwp.ca\/wp-content\/plugins\/gravityforms\/images\/datepicker\/datepicker.svg\" \/><\/li>\r\n<li id=\"field_2_12\" data-js-reload=\"field_2_12\"><label class=\"gfield_label\" for=\"input_2_12\">Departure Date<\/label> <input id=\"input_2_12\" class=\"datepicker mdy datepicker_no_icon gdatepicker-no-icon\" tabindex=\"108\" name=\"input_12\" type=\"text\" value=\"\" placeholder=\"Date de d\u00e9part\" aria-describedby=\"input_2_12_date_format\" aria-invalid=\"false\" \/> MM slash JJ slash AAAA <input id=\"gforms_calendar_icon_input_2_12\" class=\"gform_hidden\" type=\"hidden\" value=\"https:\/\/vwp.ca\/wp-content\/plugins\/gravityforms\/images\/datepicker\/datepicker.svg\" \/><\/li>\r\n<li id=\"field_2_10\" data-js-reload=\"field_2_10\"><label class=\"gfield_label\" for=\"input_2_10\">Number of Adults<\/label><input id=\"input_2_10\" class=\"medium\" tabindex=\"109\" name=\"input_10\" type=\"text\" value=\"\" placeholder=\"Nombre d\" aria-invalid=\"false\" \/><\/li>\r\n<li id=\"field_2_13\" data-js-reload=\"field_2_13\"><label class=\"gfield_label\" for=\"input_2_13\">Number of Children<\/label><input id=\"input_2_13\" class=\"medium\" tabindex=\"110\" name=\"input_13\" type=\"text\" value=\"\" placeholder=\"Nombre d\" aria-invalid=\"false\" \/><\/li>\r\n<li id=\"field_2_15\" data-js-reload=\"field_2_15\"><label class=\"gfield_label\">J&rsquo;aimerais \u00eatre contact\u00e9 par*<\/label>\r\n<ul id=\"input_2_15\" class=\"gfield_radio\">\r\n<li class=\"gchoice gchoice_2_15_0\"><input id=\"choice_2_15_0\" tabindex=\"111\" name=\"input_15\" type=\"radio\" value=\"T\u00e9l\u00e9phone\" \/> <label id=\"label_2_15_0\" for=\"choice_2_15_0\">T\u00e9l\u00e9phone<\/label><\/li>\r\n<li class=\"gchoice gchoice_2_15_1\"><input id=\"choice_2_15_1\" tabindex=\"112\" name=\"input_15\" type=\"radio\" value=\"Courriel\" \/> <label id=\"label_2_15_1\" for=\"choice_2_15_1\">Courriel<\/label><\/li>\r\n<\/ul>\r\n<\/li>\r\n<li id=\"field_2_14\" data-js-reload=\"field_2_14\"><label class=\"gfield_label gfield_label_before_complex\">Demandes suppl\u00e9mentaires<\/label>\r\n<ul id=\"input_2_14\" class=\"gfield_checkbox\">\r\n<li class=\"gchoice gchoice_2_14_1\"><input id=\"choice_2_14_1\" class=\"gfield-choice-input\" tabindex=\"113\" name=\"input_14.1\" type=\"checkbox\" value=\"Oui, j\" \/> <label id=\"label_2_14_1\" for=\"choice_2_14_1\">Oui, j&rsquo;aurai besoin de canots et de mat\u00e9riel<\/label><\/li>\r\n<\/ul>\r\n<\/li>\r\n<li id=\"field_2_3\" data-js-reload=\"field_2_3\"><label class=\"gfield_label\" for=\"input_2_3\">Votre message*<\/label><textarea id=\"input_2_3\" class=\"textarea medium\" tabindex=\"114\" cols=\"50\" name=\"input_3\" rows=\"10\" placeholder=\"Questions \/ commentaires\" aria-required=\"true\" aria-invalid=\"false\"><\/textarea><\/li>\r\n<li id=\"field_2_11\" data-js-reload=\"field_2_11\"><label class=\"gfield_label\">Abonnez-vous afin de recevoir nos offres et mises \u00e0 jour*<\/label>\r\n<ul id=\"input_2_11\" class=\"gfield_radio\">\r\n<li class=\"gchoice gchoice_2_11_0\"><input id=\"choice_2_11_0\" tabindex=\"115\" name=\"input_11\" type=\"radio\" value=\"Oui, avec plaisir!\" \/> <label id=\"label_2_11_0\" for=\"choice_2_11_0\">Oui, avec plaisir!<\/label><\/li>\r\n<li class=\"gchoice gchoice_2_11_1\"><input id=\"choice_2_11_1\" tabindex=\"116\" name=\"input_11\" type=\"radio\" value=\"Non merci.\" \/> <label id=\"label_2_11_1\" for=\"choice_2_11_1\">Non merci.<\/label><\/li>\r\n<\/ul>\r\n<\/li>\r\n<li id=\"field_2_16\" data-js-reload=\"field_2_16\"><label class=\"gfield_label\" for=\"input_2_16\">Phone<\/label>Ce champ n&rsquo;est utilis\u00e9 qu&rsquo;\u00e0 des fins de validation et devrait rester inchang\u00e9.<input id=\"input_2_16\" autocomplete=\"new-password\" name=\"input_16\" type=\"text\" value=\"\" \/><\/li>\r\n<\/ul>\r\n<input id=\"gform_submit_button_2\" class=\"gform_button button\" tabindex=\"117\" type=\"submit\" value=\"Envoi\" \/> <input class=\"gform_hidden\" name=\"is_submit_2\" type=\"hidden\" value=\"1\" \/> <input class=\"gform_hidden\" name=\"gform_submit\" type=\"hidden\" value=\"2\" \/> <input class=\"gform_hidden\" name=\"gform_unique_id\" type=\"hidden\" value=\"\" \/> <input class=\"gform_hidden\" name=\"state_2\" type=\"hidden\" value=\"WyJbXSIsIjlkNTUxMzc3OTdiYmNmMjE0N2IyM2U3Njg3ZDQyOWUyIl0=\" \/> <input id=\"gform_target_page_number_2\" class=\"gform_hidden\" name=\"gform_target_page_number_2\" type=\"hidden\" value=\"0\" \/> <input id=\"gform_source_page_number_2\" class=\"gform_hidden\" name=\"gform_source_page_number_2\" type=\"hidden\" value=\"1\" \/> <input name=\"gform_field_values\" type=\"hidden\" value=\"\" \/>\r\n<p><label>\u0394<textarea cols=\"45\" maxlength=\"100\" name=\"ak_hp_textarea\" rows=\"8\"><\/textarea><\/label><input id=\"ak_js_1\" name=\"ak_js\" type=\"hidden\" value=\"224\" \/><\/p>\r\n<\/form>\r\n<p><img decoding=\"async\" title=\"Graphic Canoe White\" src=\"https:\/\/vwp.ca\/wp-content\/uploads\/2020\/10\/Graphic_Canoe_White.png\" alt=\"Graphic Canoe White\" width=\"926\" height=\"340\" \/> <img decoding=\"async\" title=\"Voyageur Wilderness Programme Metis Blue Symbol\" src=\"https:\/\/vwp.ca\/wp-content\/uploads\/2020\/12\/Voyageur-Wilderness-Programme-Metis-blue-symbol.jpg\" alt=\"Voyageur Wilderness Programme Metis Blue Symbol\" width=\"800\" height=\"274\" \/> <img decoding=\"async\" title=\"Voyageur Wilderness Programme WTTC TIAO SafeTravels 2\" src=\"https:\/\/vwp.ca\/wp-content\/uploads\/2020\/12\/Voyageur-Wilderness-Programme-WTTC-TIAO-SafeTravels-2.jpg\" alt=\"Voyageur Wilderness Programme WTTC TIAO SafeTravels 2\" width=\"800\" height=\"686\" \/> <img decoding=\"async\" title=\"IEO Logo Black\" src=\"https:\/\/vwp.ca\/wp-content\/uploads\/2021\/01\/IEO-Logo-Black.png\" alt=\"IEO Logo Black\" width=\"278\" height=\"117\" \/> <img decoding=\"async\" title=\"Logo Welcome Bonjour Colour Cmyk\" src=\"https:\/\/vwp.ca\/wp-content\/uploads\/2021\/02\/logo-welcome-bonjour-colour-cmyk.png\" alt=\"Logo Welcome Bonjour Colour Cmyk\" width=\"1500\" height=\"870\" \/><\/p>\r\n","protected":false},"excerpt":{"rendered":"<p>Exp\u00e9riences authentiques de Voyageur Voyageur Wilderness se sp\u00e9cialise en visites guid\u00e9es, programmes et ateliers. Forts de 60 ans d&rsquo;exp\u00e9rience, de connaissances et de tradition, nous simplifions la planification d&rsquo;exp\u00e9rience authentiques dans un souci d&rsquo;abordabilit\u00e9. Nous aimons partager l&rsquo;esprit et les traditions de la culture autochtone du canot qui respectent M\u00e8re nature, l&rsquo;individu, la famille et&hellip;<\/p>\n","protected":false},"author":7,"featured_media":34037,"parent":0,"menu_order":0,"comment_status":"closed","ping_status":"closed","template":"","meta":{"_acf_changed":false,"_seopress_robots_primary_cat":"","_seopress_titles_title":"Visites guid\u00e9es et programmes | Voyageur Wildnerness","_seopress_titles_desc":"Voyageur Wilderness se sp\u00e9cialise en visites guid\u00e9es, programmes et ateliers. Forts de 60 ans d\u2019exp\u00e9rience, de connaissances et de tradition, nous simplifions la planification d\u2019exp\u00e9rience authentiques dans un souci d\u2019abordabilit\u00e9.","_seopress_robots_index":"","_relevanssi_hide_post":"","_relevanssi_hide_content":"","_relevanssi_pin_for_all":"","_relevanssi_pin_keywords":"","_relevanssi_unpin_keywords":"","_relevanssi_related_keywords":"","_relevanssi_related_include_ids":"","_relevanssi_related_exclude_ids":"","_relevanssi_related_no_append":"","_relevanssi_related_not_related":"","_relevanssi_related_posts":"","_relevanssi_noindex_reason":"","_monsterinsights_skip_tracking":false,"_monsterinsights_sitenote_active":false,"_monsterinsights_sitenote_note":"","_monsterinsights_sitenote_category":0,"footnotes":""},"class_list":["post-34264","page","type-page","status-publish","has-post-thumbnail","hentry"],"acf":[],"_links":{"self":[{"href":"https:\/\/vwp.ca\/fr\/wp-json\/wp\/v2\/pages\/34264","targetHints":{"allow":["GET"]}}],"collection":[{"href":"https:\/\/vwp.ca\/fr\/wp-json\/wp\/v2\/pages"}],"about":[{"href":"https:\/\/vwp.ca\/fr\/wp-json\/wp\/v2\/types\/page"}],"author":[{"embeddable":true,"href":"https:\/\/vwp.ca\/fr\/wp-json\/wp\/v2\/users\/7"}],"replies":[{"embeddable":true,"href":"https:\/\/vwp.ca\/fr\/wp-json\/wp\/v2\/comments?post=34264"}],"version-history":[{"count":5,"href":"https:\/\/vwp.ca\/fr\/wp-json\/wp\/v2\/pages\/34264\/revisions"}],"predecessor-version":[{"id":34345,"href":"https:\/\/vwp.ca\/fr\/wp-json\/wp\/v2\/pages\/34264\/revisions\/34345"}],"wp:featuredmedia":[{"embeddable":true,"href":"https:\/\/vwp.ca\/fr\/wp-json\/wp\/v2\/media\/34037"}],"wp:attachment":[{"href":"https:\/\/vwp.ca\/fr\/wp-json\/wp\/v2\/media?parent=34264"}],"curies":[{"name":"wp","href":"https:\/\/api.w.org\/{rel}","templated":true}]}}